{"id":122,"date":"2019-02-01T08:04:56","date_gmt":"2019-02-01T07:04:56","guid":{"rendered":"http:\/\/www.tractionavantcie.org\/tractionavant\/?page_id=122"},"modified":"2023-04-14T09:46:35","modified_gmt":"2023-04-14T07:46:35","slug":"la-compagnie","status":"publish","type":"page","link":"http:\/\/www.tractionavantcie.org\/tractionavant\/la-compagnie\/","title":{"rendered":"La compagnie"},"content":{"rendered":"<div class=\"menuspect\"><a href=\"http:\/\/www.tractionavantcie.org\/tractionavant\/lequipe\/\">L&#8217;\u00e9quipe<\/a><\/div>\n<hr \/>\n<p><a class=\"single_photoswipe\" href=\"http:\/\/www.tractionavantcie.org\/tractionavant\/wp-content\/uploads\/2019\/01\/logo-tac.png\" data-size=\"531x400\"><img loading=\"lazy\" class=\" wp-image-87 alignright\" style=\"box-shadow: none;\" src=\"http:\/\/www.tractionavantcie.org\/tractionavant\/wp-content\/uploads\/2019\/01\/logo-tac.png\" alt=\"\" width=\"282\" height=\"212\" srcset=\"http:\/\/www.tractionavantcie.org\/tractionavant\/wp-content\/uploads\/2019\/01\/logo-tac.png 531w, http:\/\/www.tractionavantcie.org\/tractionavant\/wp-content\/uploads\/2019\/01\/logo-tac-300x226.png 300w\" sizes=\"(max-width: 282px) 100vw, 282px\" \/><\/a><\/p>\n<p align=\"CENTER\"><b>TRACTION <\/b><i><b>(en) <\/b><\/i><b>AVANT VERS LES QUARANTE ANS<\/b><\/p>\n<div>\n<p style=\"text-align: justify;\">Traction Avant Compagnie est n\u00e9e d\u2019une marche, un mouvement, une aspiration politique \u00e0 faire \u00e9merger des paroles, des corps, des visages qui peinaient \u00e0 trouver leur place au sein de la r\u00e9publique fran\u00e7aise. En 1983 j\u2019avais 10 ans et je faisais mes d\u00e9buts au th\u00e9\u00e2tre, dans une com\u00e9die musicale \u2013 d\u00e9j\u00e0 \u2013 qui mettait en sc\u00e8ne les Mis\u00e9rables de Victor Hugo. Alors quand j\u2019ai crois\u00e9 le camarade Ladj Ly lors de festivals de courts m\u00e9trages dans lequel il faisait d\u00e9j\u00e0 le parall\u00e8le entre les Mis\u00e9rables du 19<sup>\u00e8me<\/sup>\u00a0et ceux du 21<sup>\u00e8me<\/sup>\u00a0si\u00e8cle dans sa bonne cit\u00e9 de Montfermeil, forc\u00e9ment on avait quelques trucs \u00e0 \u00e9changer\u2026 Nos Mis\u00e9rables \u00e0 nous se sont cr\u00e9\u00e9s \u00e0 la Maison du Peuple, devenu th\u00e9\u00e2tre de V\u00e9nissieux \u2013 d\u00e9j\u00e0 \u2013. Et moi, je r\u00eavais tout haut en c\u00f4toyant mes a\u00een\u00e9s danseurs \u00e0 Traction Avant, quand nous les petits, nous dansions, je me souviens, \u00e0 la f\u00eate de l\u2019Huma avec pour seule r\u00e9mun\u00e9ration des glaces\u2026 avec beaucoup de chantilly. Personne ne nous demandait si nous \u00e9tions des professionnels, nous n\u2019avions jamais entendu parl\u00e9 du statut d\u2019intermittent du spectacle. Et pourtant dans ces ann\u00e9es, pour moi de cr\u00e9ativit\u00e9s sans borne, je me suis r\u00e9v\u00e9l\u00e9 artiste et citoyen.<\/p>\n<p style=\"text-align: justify;\">Alors quand il y a quelques mois, Marc Bernard m\u2019a propos\u00e9 de reprendre la direction artistique de Traction Avant Compagnie, j\u2019ai repens\u00e9 au petit Gavroche que j\u2019\u00e9tais et je me suis mis de nouveau \u00e0 r\u00eaver de glaces et de chantilly. Pour moi Traction Avant, c\u2019est cette formidable aspiration \u00e0 tirer vers le haut des singularit\u00e9s qui vivent dans les quartiers \u2013\u00a0<i>comment dit-on d\u00e9j\u00e0 ?<\/i>\u00a0\u2013 politique de la ville. C\u2019est l\u2019\u00e9mergence du mouvement hip-hop \u00e9videmment et c\u2019est du th\u00e9\u00e2tre d\u00e8s le d\u00e9but.<\/p>\n<\/div>\n<p style=\"text-align: justify;\">Aujourd\u2019hui est-il plus facile \u00e0 Cosette de s\u2019\u00e9manciper, est-il fr\u00e9quent d\u2019entendre un Gavroche pousser sa chansonnette au devant des nombreuses barricades id\u00e9ologiques ? Je ne sais pas, pour ma part, ce que nous trouvons dans les sillons de la R\u00e9publique en 2021 ; mais je sais que Traction Avant Compagnie n\u2019a pas \u00e0 rougir de ce qu\u2019elle y a sem\u00e9, pas \u00e0 pas, toujours en marche\u00a0<em>(Brigitte)<\/em>. D\u2019abord avec Marcel Notargiacomo puis avec Marc Bernard. Les esth\u00e9tiques se renouvellent, les techniques \u00e9voluent, le fond reste.<\/p>\n<p style=\"text-align: justify;\">Aujourd\u2019hui \u2013 signe des temps sans doute et un peu de ma personnalit\u00e9 \u2013 l\u2019enjeu pour la compagnie s\u2019est \u00e9largi \u00e0 d\u2019autres m\u00e9dias. Elle n\u2019\u0153uvre plus seulement pour le plateau de th\u00e9\u00e2tre mais \u00e9galement pour l\u2019\u00e9cran et sur la toile. Mais au juste, qu\u2019allons nous cr\u00e9er ? Des \u0153uvres de fictions chevill\u00e9es \u00e0 l\u2019\u00e2pre saveur du r\u00e9el ! Avec qui ? Des artistes fussent-ils amateurs ou professionnels ! Avec quoi ? De l\u2019art dramatique, du chant, de la danse et beaucoup de chantilly ! Sous quelle forme ? De la com\u00e9die musicale, quoi d\u2019autre ? Pour qui ? Pour toi, pour moi, dans une exigence renouvel\u00e9e d\u2019accessibilit\u00e9 au plus grand nombre sans rien renier de la qualit\u00e9 ! Toujours viser le beau en nous inspirant du courage des oiseaux.<\/p>\n<p align=\"RIGHT\">Slimane Bounia, metteur en sc\u00e8ne<\/p>\n","protected":false},"excerpt":{"rendered":"<p>L&#8217;\u00e9quipe TRACTION (en) AVANT VERS LES QUARANTE ANS Traction Avant Compagnie est n\u00e9e d\u2019une marche, un mouvement, une aspiration politique \u00e0 faire \u00e9merger des paroles, des corps, des visages qui peinaient \u00e0 trouver leur place au sein de la r\u00e9publique fran\u00e7aise. En 1983 j\u2019avais 10 ans et je faisais mes d\u00e9buts au th\u00e9\u00e2tre, dans une &hellip; <a href=\"http:\/\/www.tractionavantcie.org\/tractionavant\/la-compagnie\/\" class=\"more-link\">Continuer la lecture de <span class=\"screen-reader-text\">La compagnie<\/span><\/a><\/p>\n","protected":false},"author":1,"featured_media":0,"parent":0,"menu_order":0,"comment_status":"closed","ping_status":"closed","template":"page-cie.php","meta":[],"_links":{"self":[{"href":"http:\/\/www.tractionavantcie.org\/tractionavant\/wp-json\/wp\/v2\/pages\/122"}],"collection":[{"href":"http:\/\/www.tractionavantcie.org\/tractionavant\/wp-json\/wp\/v2\/pages"}],"about":[{"href":"http:\/\/www.tractionavantcie.org\/tractionavant\/wp-json\/wp\/v2\/types\/page"}],"author":[{"embeddable":true,"href":"http:\/\/www.tractionavantcie.org\/tractionavant\/wp-json\/wp\/v2\/users\/1"}],"replies":[{"embeddable":true,"href":"http:\/\/www.tractionavantcie.org\/tractionavant\/wp-json\/wp\/v2\/comments?post=122"}],"version-history":[{"count":24,"href":"http:\/\/www.tractionavantcie.org\/tractionavant\/wp-json\/wp\/v2\/pages\/122\/revisions"}],"predecessor-version":[{"id":3441,"href":"http:\/\/www.tractionavantcie.org\/tractionavant\/wp-json\/wp\/v2\/pages\/122\/revisions\/3441"}],"wp:attachment":[{"href":"http:\/\/www.tractionavantcie.org\/tractionavant\/wp-json\/wp\/v2\/media?parent=122"}],"curies":[{"name":"wp","href":"https:\/\/api.w.org\/{rel}","templated":true}]}}