{"id":2426,"date":"2021-04-06T13:43:28","date_gmt":"2021-04-06T11:43:28","guid":{"rendered":"http:\/\/www.tractionavantcie.org\/tractionavant\/?page_id=2426"},"modified":"2021-12-12T10:07:00","modified_gmt":"2021-12-12T09:07:00","slug":"nos-futurs","status":"publish","type":"page","link":"http:\/\/www.tractionavantcie.org\/tractionavant\/nos-futurs\/","title":{"rendered":"No(s) Future(s)"},"content":{"rendered":"\n<div style=\"height:20px\" aria-hidden=\"true\" class=\"wp-block-spacer\"><\/div>\n\n\n\n<div class=\"alignnormal\"><div id=\"metaslider-id-2764\" style=\"width: 100%;\" class=\"ml-slider-3-20-3 metaslider metaslider-flex metaslider-2764 ml-slider nav-hidden\">\n    <div id=\"metaslider_container_2764\">\n        <div id=\"metaslider_2764\">\n            <ul aria-live=\"polite\" class=\"slides\">\n                <li style=\"display: block; width: 100%;\" class=\"slide-2766 ms-image\"><img src=\"http:\/\/www.tractionavantcie.org\/tractionavant\/wp-content\/uploads\/2021\/07\/nofuture01-700x500.jpg\" height=\"500\" width=\"700\" alt=\"\" class=\"slider-2764 slide-2766\" title=\"nofuture01\" \/><div class=\"caption-wrap\"><div class=\"caption\">\u00a9 Gr\u00e9gory Rubinstein<\/div><\/div><\/li>\n                <li style=\"display: none; width: 100%;\" class=\"slide-2772 ms-image\"><img src=\"http:\/\/www.tractionavantcie.org\/tractionavant\/wp-content\/uploads\/2020\/04\/nofuture02-700x500.jpg\" height=\"500\" width=\"700\" alt=\"\" class=\"slider-2764 slide-2772\" title=\"nofuture02\" \/><div class=\"caption-wrap\"><div class=\"caption\">\u00a9 Gr\u00e9gory Rubinstein<\/div><\/div><\/li>\n                <li style=\"display: none; width: 100%;\" class=\"slide-2773 ms-image\"><img src=\"http:\/\/www.tractionavantcie.org\/tractionavant\/wp-content\/uploads\/2020\/04\/nofuture03-700x500.jpg\" height=\"500\" width=\"700\" alt=\"\" class=\"slider-2764 slide-2773\" title=\"nofuture03\" \/><div class=\"caption-wrap\"><div class=\"caption\">\u00a9 Gr\u00e9gory Rubinstein<\/div><\/div><\/li>\n                <li style=\"display: none; width: 100%;\" class=\"slide-2774 ms-image\"><img src=\"http:\/\/www.tractionavantcie.org\/tractionavant\/wp-content\/uploads\/2020\/04\/nofuture04-700x500.jpg\" height=\"500\" width=\"700\" alt=\"\" class=\"slider-2764 slide-2774\" title=\"nofuture04\" \/><div class=\"caption-wrap\"><div class=\"caption\">\u00a9 Gr\u00e9gory Rubinstein<\/div><\/div><\/li>\n                <li style=\"display: none; width: 100%;\" class=\"slide-2775 ms-image\"><img src=\"http:\/\/www.tractionavantcie.org\/tractionavant\/wp-content\/uploads\/2020\/04\/nofuture05-700x500.jpg\" height=\"500\" width=\"700\" alt=\"\" class=\"slider-2764 slide-2775\" title=\"nofuture05\" \/><div class=\"caption-wrap\"><div class=\"caption\">\u00a9 Gr\u00e9gory Rubinstein<\/div><\/div><\/li>\n                <li style=\"display: none; width: 100%;\" class=\"slide-2776 ms-image\"><img src=\"http:\/\/www.tractionavantcie.org\/tractionavant\/wp-content\/uploads\/2020\/04\/nofuture06-700x500.jpg\" height=\"500\" width=\"700\" alt=\"\" class=\"slider-2764 slide-2776\" title=\"nofuture06\" \/><div class=\"caption-wrap\"><div class=\"caption\">\u00a9 Gr\u00e9gory Rubinstein<\/div><\/div><\/li>\n            <\/ul>\n        <\/div>\n        \n    <\/div>\n<\/div><\/div>\n\n\n<hr>\n<h1><a class=\"single_photoswipe\" data-size=\"848x1200\" href=\"http:\/\/www.tractionavantcie.org\/tractionavant\/wp-content\/uploads\/2021\/07\/aff_nos-futures.jpg\"><img loading=\"lazy\" class=\"alignright size-medium wp-image-2804\" src=\"http:\/\/www.tractionavantcie.org\/tractionavant\/wp-content\/uploads\/2021\/07\/aff_nos-futures-212x300.jpg\" alt=\"\" width=\"212\" height=\"300\" srcset=\"http:\/\/www.tractionavantcie.org\/tractionavant\/wp-content\/uploads\/2021\/07\/aff_nos-futures-212x300.jpg 212w, http:\/\/www.tractionavantcie.org\/tractionavant\/wp-content\/uploads\/2021\/07\/aff_nos-futures-724x1024.jpg 724w, http:\/\/www.tractionavantcie.org\/tractionavant\/wp-content\/uploads\/2021\/07\/aff_nos-futures-768x1087.jpg 768w, http:\/\/www.tractionavantcie.org\/tractionavant\/wp-content\/uploads\/2021\/07\/aff_nos-futures.jpg 848w\" sizes=\"(max-width: 212px) 100vw, 212px\" \/><\/a><img loading=\"lazy\" class=\"gif\" src=\"http:\/\/www.tractionavantcie.org\/images\/titre-nosfuturs.png\" alt=\"\" width=\"320\" height=\"38\"><\/h1>\n<p><strong>Lecture-spectacle<br>Cr\u00e9ation 2021<br><\/strong><strong>\u00c0 partir de 15 ans<\/strong><br><strong>Dur\u00e9e : 1h<\/strong><\/p>\n<p><em>Dans le cadre du r\u00e9seau \u00ab <a href=\"http:\/\/textesadire.canalblog.com\/\">Textes \u00e0 dire<\/a> \u00bb<\/em><\/p>\n<p><strong><span style=\"color: #a80804;\">Mise en espace &amp; interpr\u00e8tes :<\/span><\/strong> \u00c9lisabeth Granjon &amp; Vincent Villemagne<br><strong><span style=\"color: #a80804;\">D\u2019apr\u00e8s des textes de :<\/span><\/strong> Antoinette Rychner, Emily St-John Mandel, Micha\u00ebl Hirsch, Richard Powers, Laure Noualhat, Pierre Ducrozet, Mariette Navarro<\/p>\n<p class=\"x_MsoNormal\">La terre hurle<\/p>\n<p class=\"x_MsoNormal\">Les oiseaux br\u00fblent<\/p>\n<p class=\"x_MsoBodyText\">La banquise fond<\/p>\n<p class=\"x_MsoBodyText\">Les eaux montent<\/p>\n<p class=\"x_MsoBodyText\">Les temp\u00e9ratures s\u2019envolent\u2026<\/p>\n<p class=\"x_MsoNormal\">Si l\u2019on en croit collapsologues et autres tenants de la th\u00e9orie de l\u2019effondrement, la fin du monde est pour tout de suite.<\/p>\n<p class=\"x_MsoNormal\">Nous aimerions bien que les Cassandre se trompent et que la catastrophe annonc\u00e9e n\u2019ait pas lieu. Peut-\u00eatre pouvons-nous encore passer entre les gouttes\u2026 mais rien n\u2019est moins s\u00fbr.<\/p>\n<p class=\"x_Standard\">Cette lecture-spectacle se fait l\u2019\u00e9cho des inqui\u00e9tudes de l\u2019\u00e9poque sur le devenir de l\u2019Humanit\u00e9 et de nos civilisations, sans oublier les raisons d\u2019esp\u00e9rer et d\u2019\u00eatre optimistes. Car s\u2019il s\u2019av\u00e8re que les principaux changements sur notre plan\u00e8te sont provoqu\u00e9s par l\u2019Homme, la bonne nouvelle, c\u2019est que celui-ci a peut-\u00eatre aussi les solutions dans ses mains. Et qu\u2019en renouant avec son pouvoir d\u2019agir, il se dessinera sans doute des perspectives d\u2019avenir.<\/p>\n\n\n<p><\/p>\n\n\n\n<hr class=\"wp-block-separator\"\/>\n\n\n\n<h2 id=\"agenda\">Agenda<\/h2>\n\n\n<p><span style=\"font-size: 14pt; color: #006699; text-decoration: underline;\"><strong data-rich-text-format-boundary=\"true\">Les anciennes dates<\/strong><\/span><\/p>\n\n\n<p>\ud83d\udcc6 <strong>Le 11 novembre 2021 \u00e0 19h30<\/strong><br>\ud83d\udccc La M\u00e9mo (M\u00e9diath\u00e8que d&#8217;Oullins) &#8211; 8 rue de la R\u00e9publique, 69600 Oullins &#8211; T\u00e9l. 04 26 04 11 71<\/p>\n\n\n\n<p>\ud83d\udcc6 <strong>Le 11 juin 2021 \u00e0 18h30<\/strong><br>\ud83d\udccc Maison Nature de la Gravi\u00e8re \u2013 11 avenue de Limburg, 69110 Sainte-Foy-l\u00e8s-Lyon<\/p>\n\n\n\n<p>\ud83d\udcc6 <strong>Le 7 octobre 2021 \u00e0 14h30<\/strong><br>\ud83d\udccc M\u00e9diath\u00e8que Tassin-la-Demi-Lune &#8211; 35 avenue du 8 mai 1945, 69160 Tassin-la-Demi-Lune <\/p>\n\n\n\n<p>\ud83d\udcc6 <strong>Le 15 octobre 2021 \u00e0 19h<\/strong><br>\ud83d\udccc M\u00e9diath\u00e8que Jacques Brel &#8211;&nbsp;Place Villeroy, 69250 Neuville-sur-Sa\u00f4ne<\/p>\n\n\n\n<p>\ud83d\udcc6 <strong>Le 3 d\u00e9cembre 2021 \u00e0 19h30<\/strong><br>\ud83d\udccc M\u00e9diath\u00e8que Bernard Pivot &#8211; Place du Docteur Fr\u00e9d\u00e9ric Dugoujon, 69642 Caluire-et-Cuire &#8211; T\u00e9l. 04 78 98 81 00<\/p>\n\n\n\n<p><\/p>\n","protected":false},"excerpt":{"rendered":"<p>Lecture-spectacleCr\u00e9ation 2021\u00c0 partir de 15 ansDur\u00e9e : 1h Dans le cadre du r\u00e9seau \u00ab Textes \u00e0 dire \u00bb Mise en espace &amp; interpr\u00e8tes : \u00c9lisabeth Granjon &amp; Vincent VillemagneD\u2019apr\u00e8s des textes de : Antoinette Rychner, Emily St-John Mandel, Micha\u00ebl Hirsch, Richard Powers, Laure Noualhat, Pierre Ducrozet, Mariette Navarro La terre hurle Les oiseaux br\u00fblent La &hellip; <a href=\"http:\/\/www.tractionavantcie.org\/tractionavant\/nos-futurs\/\" class=\"more-link\">Continuer la lecture de <span class=\"screen-reader-text\">No(s) Future(s)<\/span><\/a><\/p>\n","protected":false},"author":1,"featured_media":0,"parent":0,"menu_order":0,"comment_status":"closed","ping_status":"closed","template":"page-spectacle.php","meta":[],"_links":{"self":[{"href":"http:\/\/www.tractionavantcie.org\/tractionavant\/wp-json\/wp\/v2\/pages\/2426"}],"collection":[{"href":"http:\/\/www.tractionavantcie.org\/tractionavant\/wp-json\/wp\/v2\/pages"}],"about":[{"href":"http:\/\/www.tractionavantcie.org\/tractionavant\/wp-json\/wp\/v2\/types\/page"}],"author":[{"embeddable":true,"href":"http:\/\/www.tractionavantcie.org\/tractionavant\/wp-json\/wp\/v2\/users\/1"}],"replies":[{"embeddable":true,"href":"http:\/\/www.tractionavantcie.org\/tractionavant\/wp-json\/wp\/v2\/comments?post=2426"}],"version-history":[{"count":30,"href":"http:\/\/www.tractionavantcie.org\/tractionavant\/wp-json\/wp\/v2\/pages\/2426\/revisions"}],"predecessor-version":[{"id":2973,"href":"http:\/\/www.tractionavantcie.org\/tractionavant\/wp-json\/wp\/v2\/pages\/2426\/revisions\/2973"}],"wp:attachment":[{"href":"http:\/\/www.tractionavantcie.org\/tractionavant\/wp-json\/wp\/v2\/media?parent=2426"}],"curies":[{"name":"wp","href":"https:\/\/api.w.org\/{rel}","templated":true}]}}