{"id":30,"date":"2019-01-30T15:41:28","date_gmt":"2019-01-30T14:41:28","guid":{"rendered":"http:\/\/www.tractionavantcie.org\/tractionavant\/?page_id=30"},"modified":"2025-12-15T08:49:39","modified_gmt":"2025-12-15T07:49:39","slug":"les-laiculteurs","status":"publish","type":"page","link":"http:\/\/www.tractionavantcie.org\/tractionavant\/les-laiculteurs\/","title":{"rendered":"Les La\u00efculteurs"},"content":{"rendered":"<div class=\"menuspect\"><a href=\"#photos\">Photos<\/a><a href=\"#presse\">Presse<\/a><a href=\"#agenda\">Agenda<\/a><a href=\"http:\/\/www.tractionavantcie.org\/pdf\/dossier_laiculteurs_web.pdf\" target=\"_blank\" rel=\"noopener noreferrer\">Dossier pdf<\/a><\/div>\n<hr \/>\n<h1><a class=\"single_photoswipe\" href=\"http:\/\/www.tractionavantcie.org\/tractionavant\/wp-content\/uploads\/2019\/01\/aff-laiculteurs.jpg\" data-size=\"848x1200\"><img loading=\"lazy\" class=\"size-medium wp-image-232 alignright\" src=\"http:\/\/www.tractionavantcie.org\/tractionavant\/wp-content\/uploads\/2019\/01\/aff-laiculteurs-212x300.jpg\" alt=\"\" width=\"212\" height=\"300\" srcset=\"http:\/\/www.tractionavantcie.org\/tractionavant\/wp-content\/uploads\/2019\/01\/aff-laiculteurs-212x300.jpg 212w, http:\/\/www.tractionavantcie.org\/tractionavant\/wp-content\/uploads\/2019\/01\/aff-laiculteurs-768x1087.jpg 768w, http:\/\/www.tractionavantcie.org\/tractionavant\/wp-content\/uploads\/2019\/01\/aff-laiculteurs-724x1024.jpg 724w, http:\/\/www.tractionavantcie.org\/tractionavant\/wp-content\/uploads\/2019\/01\/aff-laiculteurs.jpg 848w\" sizes=\"(max-width: 212px) 100vw, 212px\" \/><\/a><img loading=\"lazy\" class=\"gif\" src=\"http:\/\/www.tractionavantcie.org\/images\/gif\/laiculteurs-anim-2.gif\" alt=\"\" width=\"300\" height=\"80\" \/><\/h1>\n<p><strong>Th\u00e9\u00e2tre<\/strong><br \/><strong> Cr\u00e9ation 2016<\/strong><br \/><strong> Tout public<\/strong><\/p>\n<p><strong><span style=\"color: #a80804;\">Avec :<\/span><\/strong> Ghislaine Bendongu\u00e9, Sandrine Besacier, Isabelle Rias, Katia Vichard &amp; Vincent Villemagne<br \/><strong><span style=\"color: #a80804;\">Dur\u00e9e :<\/span> <\/strong>35 min suivi d&#8217;un d\u00e9bat<br \/><strong><span style=\"color: #a80804;\">Soutenu par<\/span><\/strong> : les DDEN de V\u00e9nissieux<\/p>\n<p>Cela fait d\u00e9j\u00e0 4 ann\u00e9es que nous avons cr\u00e9\u00e9 le spectacle <strong>\u00ab Les la\u00efculteurs \u00bb<\/strong> \u00e0 la demande des DDEN de V\u00e9nissieux, \u00e0 l\u2019occasion de la journ\u00e9e de la La\u00efcit\u00e9 du 9 d\u00e9cembre 2014. Depuis nous avons essaim\u00e9 \u00e0 travers toute la France les graines de l\u2019arbre de la la\u00efcit\u00e9, \u00e0 tous vents : les r\u00e9coltes, en riches d\u00e9bats et rencontres, ont \u00e9t\u00e9 fructueuses.<br \/>Par le travail avec la Ligue de l\u2019Enseignement, l\u2019\u00c9ducation Nationale, nous avons, ann\u00e9e apr\u00e8s ann\u00e9e, fait \u00e9voluer ce projet en lui greffant m\u00eame, un \u00ab Atelier cr\u00e9ation th\u00e9\u00e2tre \u00bb, avec les artistes de la pi\u00e8ce, pour que tout un chacun ait la possibilit\u00e9 d\u2019exprimer sa vision de la La\u00efcit\u00e9.<\/p>\n<p>\u00c0 chaque fois que les La\u00efculteurs sont venus dans les \u00e9coles, les coll\u00e8ges, les lyc\u00e9es, dans les AG d\u2019associations, dans les Centres Sociaux et de loisirs, dans les salles de spectacles, les MJC&#8230; nous avons pu par le d\u00e9calage po\u00e9tique aborder cette question, de mani\u00e8re non frontale, sans \u00e9vincer aucun sujet qu\u2019elle soul\u00e8ve.<\/p>\n<hr \/>\n<h2 id=\"photos\">Photos<\/h2>\n\n\n\t\t<style type='text\/css'>\n\n\t\t\t\/* PhotoSwipe Plugin *\/\n\t\t\t.psgal {\n\t\t\t\tmargin: auto;\n\t\t\t\tpadding-bottom:40px;\n\n\t\t\t\t-webkit-transition: all 0.4s ease;\n\t\t\t\t-moz-transition: all 0.4s ease;\n\t\t\t\t-o-transition: all 0.4s ease;\n\t\t\t\ttransition: all 0.4s ease;\n\n\t\t\t\topacity:0.1;\n\t\t\t\t\n\n\t\t\t}\n\n\t\t\t.psgal.photoswipe_showme{\n\t\t\t\topacity:1;\n\t\t\t}\n\n\t\t\t.psgal figure {\n\t\t\t\tfloat: left;\n\n\t\t\t\t\n\n\t\t\t\ttext-align: center;\n\t\t\t\twidth: 150px;\n\n\t\t\t\tpadding:5px;\n\t\t\t\tmargin: 0px;\n\t\t\t\tbox-sizing:border-box;\n\t\t\t}\n\t\t\t.psgal a{\n\t\t\t\tdisplay:block;\n\t\t\t}\n\n\t\t\t.psgal img {\n\t\t\t\tmargin:auto;\n\t\t\t\tmax-width:100%;\n\t\t\t\twidth: auto;\n\t\t\t\theight: auto;\n\t\t\t\tborder: 0;\n\t\t\t}\n\t\t\t.psgal figure figcaption{\n\t\t\t\tfont-size:13px;\n\t\t\t}\n\n\t\t\t.msnry{\n\t\t\t\tmargin:auto;\n\t\t\t}\n\t\t\t.pswp__caption__center{\n\t\t\t\ttext-align: center;\n\t\t\t}\n\t\t\t\n\t\t<\/style> <div style=\"clear:both\"><\/div>\n\n\t\t<div id=\"psgal_30_1\" class=\"psgal gallery-columns-3 gallery-size-thumbnail\" itemscope itemtype=\"http:\/\/schema.org\/ImageGallery\" >\n\t\t\t\t<figure class=\"msnry_item\" itemscope itemtype=\"http:\/\/schema.org\/ImageObject\">\n\t\t\t\t\t<a href=\"http:\/\/www.tractionavantcie.org\/tractionavant\/wp-content\/uploads\/2019\/01\/laiculteurs01.jpg\" itemprop=\"contentUrl\" data-size=\"513x640\" data-caption=\"\" >\n\t\t\t\t        <img src=http:\/\/www.tractionavantcie.org\/tractionavant\/wp-content\/uploads\/2019\/01\/laiculteurs01-240x300.jpg itemprop=\"thumbnail\" alt=\"\"  \/>\n\t\t\t\t    <\/a>\n\t\t\t\t    <figcaption class=\"photoswipe-gallery-caption\" ><\/figcaption>\n\t\t\t    <\/figure>\n\t\t\t\t\n\t\t\t\t<figure class=\"msnry_item\" itemscope itemtype=\"http:\/\/schema.org\/ImageObject\">\n\t\t\t\t\t<a href=\"http:\/\/www.tractionavantcie.org\/tractionavant\/wp-content\/uploads\/2019\/01\/laiculteurs05.jpg\" itemprop=\"contentUrl\" data-size=\"640x480\" data-caption=\"\" >\n\t\t\t\t        <img src=http:\/\/www.tractionavantcie.org\/tractionavant\/wp-content\/uploads\/2019\/01\/laiculteurs05-300x225.jpg itemprop=\"thumbnail\" alt=\"\"  \/>\n\t\t\t\t    <\/a>\n\t\t\t\t    <figcaption class=\"photoswipe-gallery-caption\" ><\/figcaption>\n\t\t\t    <\/figure>\n\t\t\t\t\n\t\t\t\t<figure class=\"msnry_item\" itemscope itemtype=\"http:\/\/schema.org\/ImageObject\">\n\t\t\t\t\t<a href=\"http:\/\/www.tractionavantcie.org\/tractionavant\/wp-content\/uploads\/2019\/01\/laiculteurs08.jpg\" itemprop=\"contentUrl\" data-size=\"640x480\" data-caption=\"\" >\n\t\t\t\t        <img src=http:\/\/www.tractionavantcie.org\/tractionavant\/wp-content\/uploads\/2019\/01\/laiculteurs08-300x225.jpg itemprop=\"thumbnail\" alt=\"\"  \/>\n\t\t\t\t    <\/a>\n\t\t\t\t    <figcaption class=\"photoswipe-gallery-caption\" ><\/figcaption>\n\t\t\t    <\/figure>\n\t\t\t\t\n\t\t\t\t<figure class=\"msnry_item\" itemscope itemtype=\"http:\/\/schema.org\/ImageObject\">\n\t\t\t\t\t<a href=\"http:\/\/www.tractionavantcie.org\/tractionavant\/wp-content\/uploads\/2019\/01\/laiculteurs10.jpg\" itemprop=\"contentUrl\" data-size=\"480x640\" data-caption=\"\" >\n\t\t\t\t        <img src=http:\/\/www.tractionavantcie.org\/tractionavant\/wp-content\/uploads\/2019\/01\/laiculteurs10-225x300.jpg itemprop=\"thumbnail\" alt=\"\"  \/>\n\t\t\t\t    <\/a>\n\t\t\t\t    <figcaption class=\"photoswipe-gallery-caption\" ><\/figcaption>\n\t\t\t    <\/figure>\n\t\t\t\t<\/div>\n\n\t\t<div style='clear:both'><\/div>\n\n\t\t<script type='text\/javascript'>\n\n\t\t\tvar container_30_1 = document.querySelector('#psgal_30_1');\n\t\t\tvar msnry;\n\n\t\t\t\/\/ initialize  after all images have loaded\n\t\t\timagesLoaded( container_30_1, function() {\n\n\t\t\t\t\n\n\t\t\t\t\t\t\/\/ initialize Masonry after all images have loaded\n\t\t\t\t\t\tnew Masonry( container_30_1, {\n\t\t\t\t\t\t  \/\/ options...\n\t\t\t\t\t\t  itemSelector: '.msnry_item',\n\t\t\t\t\t\t  \/\/columnWidth: 150,\n\t\t\t\t\t\t  isFitWidth: true\n\t\t\t\t\t\t});\n\n\t\t\t\t\t\t(container_30_1).className += ' photoswipe_showme';\n\n\t\t\t\t\t\t\n\n\t\t\t});\n\n\n\t\t<\/script>\n\n\t\n<hr \/>\n<h2 id=\"presse\">Presse<\/h2>\n<p><a href=\"http:\/\/www.tractionavantcie.org\/tractionavant\/wp-content\/uploads\/2024\/12\/Programme-Lot-Semaine-de-la-laicite-2024-scaled.jpg\"><img loading=\"lazy\" class=\"alignleft wp-image-3946\" src=\"http:\/\/www.tractionavantcie.org\/tractionavant\/wp-content\/uploads\/2024\/12\/Programme-Lot-Semaine-de-la-laicite-2024-150x300.jpg\" alt=\"\" width=\"106\" height=\"212\" srcset=\"http:\/\/www.tractionavantcie.org\/tractionavant\/wp-content\/uploads\/2024\/12\/Programme-Lot-Semaine-de-la-laicite-2024-150x300.jpg 150w, http:\/\/www.tractionavantcie.org\/tractionavant\/wp-content\/uploads\/2024\/12\/Programme-Lot-Semaine-de-la-laicite-2024-512x1024.jpg 512w, http:\/\/www.tractionavantcie.org\/tractionavant\/wp-content\/uploads\/2024\/12\/Programme-Lot-Semaine-de-la-laicite-2024-768x1535.jpg 768w, http:\/\/www.tractionavantcie.org\/tractionavant\/wp-content\/uploads\/2024\/12\/Programme-Lot-Semaine-de-la-laicite-2024-1201x2400.jpg 1201w, http:\/\/www.tractionavantcie.org\/tractionavant\/wp-content\/uploads\/2024\/12\/Programme-Lot-Semaine-de-la-laicite-2024-769x1536.jpg 769w, http:\/\/www.tractionavantcie.org\/tractionavant\/wp-content\/uploads\/2024\/12\/Programme-Lot-Semaine-de-la-laicite-2024-1025x2048.jpg 1025w, http:\/\/www.tractionavantcie.org\/tractionavant\/wp-content\/uploads\/2024\/12\/Programme-Lot-Semaine-de-la-laicite-2024-scaled.jpg 1281w\" sizes=\"(max-width: 106px) 100vw, 106px\" \/><\/a><a class=\"single_photoswipe\" href=\"http:\/\/www.tractionavantcie.org\/tractionavant\/wp-content\/uploads\/2019\/01\/article-laicite.jpg\" data-size=\"1500x1045\"><img loading=\"lazy\" class=\"alignleft wp-image-654 size-medium\" src=\"http:\/\/www.tractionavantcie.org\/tractionavant\/wp-content\/uploads\/2019\/01\/article-laicite-300x209.jpg\" alt=\"\" width=\"300\" height=\"209\" srcset=\"http:\/\/www.tractionavantcie.org\/tractionavant\/wp-content\/uploads\/2019\/01\/article-laicite-300x209.jpg 300w, http:\/\/www.tractionavantcie.org\/tractionavant\/wp-content\/uploads\/2019\/01\/article-laicite-768x535.jpg 768w, http:\/\/www.tractionavantcie.org\/tractionavant\/wp-content\/uploads\/2019\/01\/article-laicite-1024x713.jpg 1024w, http:\/\/www.tractionavantcie.org\/tractionavant\/wp-content\/uploads\/2019\/01\/article-laicite.jpg 1500w\" sizes=\"(max-width: 300px) 100vw, 300px\" \/><\/a> <a class=\"single_photoswipe\" href=\"http:\/\/www.tractionavantcie.org\/tractionavant\/wp-content\/uploads\/2019\/01\/laiculteurs.jpg\" data-size=\"1500x1211\"><img loading=\"lazy\" class=\"alignleft wp-image-655 \" src=\"http:\/\/www.tractionavantcie.org\/tractionavant\/wp-content\/uploads\/2019\/01\/laiculteurs-300x242.jpg\" alt=\"\" width=\"268\" height=\"216\" srcset=\"http:\/\/www.tractionavantcie.org\/tractionavant\/wp-content\/uploads\/2019\/01\/laiculteurs-300x242.jpg 300w, http:\/\/www.tractionavantcie.org\/tractionavant\/wp-content\/uploads\/2019\/01\/laiculteurs-768x620.jpg 768w, http:\/\/www.tractionavantcie.org\/tractionavant\/wp-content\/uploads\/2019\/01\/laiculteurs-1024x827.jpg 1024w, http:\/\/www.tractionavantcie.org\/tractionavant\/wp-content\/uploads\/2019\/01\/laiculteurs.jpg 1500w\" sizes=\"(max-width: 268px) 100vw, 268px\" \/><\/a> <a class=\"single_photoswipe\" href=\"http:\/\/www.tractionavantcie.org\/tractionavant\/wp-content\/uploads\/2019\/01\/lettre-ministre.jpg\" data-size=\"1280x1673\"><img loading=\"lazy\" class=\"size-medium wp-image-656 alignleft\" src=\"http:\/\/www.tractionavantcie.org\/tractionavant\/wp-content\/uploads\/2019\/01\/lettre-ministre-230x300.jpg\" alt=\"\" width=\"230\" height=\"300\" srcset=\"http:\/\/www.tractionavantcie.org\/tractionavant\/wp-content\/uploads\/2019\/01\/lettre-ministre-230x300.jpg 230w, http:\/\/www.tractionavantcie.org\/tractionavant\/wp-content\/uploads\/2019\/01\/lettre-ministre-768x1004.jpg 768w, http:\/\/www.tractionavantcie.org\/tractionavant\/wp-content\/uploads\/2019\/01\/lettre-ministre-783x1024.jpg 783w, http:\/\/www.tractionavantcie.org\/tractionavant\/wp-content\/uploads\/2019\/01\/lettre-ministre.jpg 1280w\" sizes=\"(max-width: 230px) 100vw, 230px\" \/><\/a><\/p>\n<p><a class=\"single_photoswipe\" href=\"http:\/\/www.tractionavantcie.org\/tractionavant\/wp-content\/uploads\/2025\/10\/article-charlieu.jpg\" data-size=\"498x718\"><img loading=\"lazy\" class=\"alignleft wp-image-4210 size-medium\" src=\"http:\/\/www.tractionavantcie.org\/tractionavant\/wp-content\/uploads\/2025\/10\/article-charlieu-208x300.jpg\" alt=\"\" width=\"208\" height=\"300\" srcset=\"http:\/\/www.tractionavantcie.org\/tractionavant\/wp-content\/uploads\/2025\/10\/article-charlieu-208x300.jpg 208w, http:\/\/www.tractionavantcie.org\/tractionavant\/wp-content\/uploads\/2025\/10\/article-charlieu.jpg 498w\" sizes=\"(max-width: 208px) 100vw, 208px\" \/><\/a><\/p>\n<hr style=\"clear: both;\" \/>\n<p><strong>&#8211; Reportage France 3 :<\/strong><\/p>\n<div class=\"arve-wrapper aligncenter\" data-mode=\"normal\" data-provider=\"html5\" id=\"arve-httpwwwtractionavantcieorgmediasLes-laiculteurs-fr3mp4\" style=\"max-width:800px;\" itemscope itemtype=\"http:\/\/schema.org\/VideoObject\"><div class=\"arve-embed-container\" style=\"height:auto;padding:0\"><meta itemprop=\"thumbnailUrl\" content=\"http:\/\/www.tractionavantcie.org\/tractionavant\/wp-content\/uploads\/2023\/12\/Les-laiculteurs-fr3_vign-2.jpg\"><video controls controlslist=\"nodownload\" preload=\"metadata\" width=\"480\" height=\"270\" poster=\"http:\/\/www.tractionavantcie.org\/tractionavant\/wp-content\/uploads\/2023\/12\/Les-laiculteurs-fr3_vign-2.jpg\" class=\"arve-video fitvidsignore\"><source type=\"video\/mp4\" src=\"http:\/\/www.tractionavantcie.org\/medias\/Les-laiculteurs-fr3.mp4\"><\/video><\/div><\/div>\n<p>\u00a0<\/p>\n<p class=\"title style-scope ytd-video-primary-info-renderer\"><strong>&#8211; &#8220;La la\u00efcit\u00e9 abord\u00e9e au travers du th\u00e9\u00e2tre&#8221; &#8211; Reportage France 3 :<br \/><\/strong><\/p>\n<p><a href=\"https:\/\/www.youtube.com\/watch?v=zU2NbZSpN60&amp;feature=youtu.be\" target=\"_blank\" rel=\"noopener noreferrer\">https:\/\/www.youtube.com\/watch?v=zU2NbZSpN60&amp;feature=youtu.be<\/a><\/p>\n<hr \/>\n<p><strong>&#8211; Reportage France 3 :<\/strong><\/p>\n<div class=\"arve-wrapper aligncenter\" data-mode=\"normal\" data-provider=\"html5\" id=\"arve-httpwwwtractionavantcieorgmediasLaiculteurs-Oisemp4\" style=\"max-width:800px;\" itemscope itemtype=\"http:\/\/schema.org\/VideoObject\"><div class=\"arve-embed-container\" style=\"height:auto;padding:0\"><meta itemprop=\"thumbnailUrl\" content=\"http:\/\/www.tractionavantcie.org\/tractionavant\/wp-content\/uploads\/2025\/12\/Laiculteurs-Oise-vign-rotated.jpg\"><video controls controlslist=\"nodownload\" preload=\"metadata\" width=\"480\" height=\"270\" poster=\"http:\/\/www.tractionavantcie.org\/tractionavant\/wp-content\/uploads\/2025\/12\/Laiculteurs-Oise-vign-rotated.jpg\" class=\"arve-video fitvidsignore\"><source type=\"video\/mp4\" src=\"http:\/\/www.tractionavantcie.org\/medias\/Laiculteurs-Oise.mp4\"><\/video><\/div><\/div>\n<p>\u00a0<\/p>\n<p><strong>&#8211; \u00c0 l\u2019occasion des 120 ans de la loi de 1905, en ce mois de d\u00e9cembre 2025 les La\u00efculteurs ont sillonn\u00e9 la France \u00e0 la rencontre d\u2019un jeune public toujours nombreux et enthousiaste.<\/strong><\/p>\n<hr \/>\n<h2 id=\"agenda\">Agenda<\/h2>\n<p>\ud83d\udcc6 <strong>Le 8 d\u00e9cembre 2022<\/strong> (Dans le cadre de la journ\u00e9e de la la\u00efcit\u00e9 programm\u00e9 par la FOL Savoie)<br \/>\ud83d\udccc <span class=\"LrzXr\">73200 Albertville<\/span><\/p>\n<p>\ud83d\udcc6 <strong>Le 9 d\u00e9cembre 2022<\/strong> (Dans le cadre de la journ\u00e9e de la la\u00efcit\u00e9 programm\u00e9 par la FOL Savoie)<br \/>\ud83d\udccc <span class=\"LrzXr\">73000 Chamb\u00e9ry<\/span><\/p>\n<p>\ud83d\udcc6 <strong>Le 9 et 10 d\u00e9cembre 2023<\/strong> <br \/>\ud83d\udccc <span class=\"LrzXr\">46200 Souillac<\/span><\/p>\n<p>\ud83d\udcc6 <strong>Le 9 et 10 d\u00e9cembre 2024<\/strong> <br \/>\ud83d\udccc <span class=\"LrzXr\">46100 Figeac<\/span><\/p>\n<p>\ud83d\udcc6 <strong>Le 2 et 3 juin 2025<\/strong> <br \/>\ud83d\udccc <span class=\"LrzXr\">24000 P\u00e9rigueux<\/span><\/p>\n<p>\ud83d\udcc6 <strong>Le 8 octobre 2025<\/strong> <br \/>\ud83d\udccc\u00a0<span class=\"LrzXr\"><span class=\"LrzXr kno-fv wHYlTd z8gr9e\">42190<\/span> Charlieu<\/span><\/p>\n<p>\ud83d\udcc6 <strong>Le 14 octobre 2025<\/strong> <br \/>\ud83d\udccc\u00a0<span class=\"LrzXr\"><span class=\"LrzXr kno-fv wHYlTd z8gr9e\">42190<\/span> Charlieu<\/span><\/p>\n<p>\ud83d\udcc6 <strong>Du 1<sup>er<\/sup> au 5 d\u00e9cembre 2025<\/strong>\u00a0<br \/>\ud83d\udccc\u00a0<span class=\"LrzXr\"><span class=\"LrzXr kno-fv wHYlTd z8gr9e\">Oise<\/span><\/span><\/p>\n<p>\ud83d\udcc6 <strong>Le 9 d\u00e9cembre 2025<\/strong> <br \/>\ud83d\udccc\u00a0<span class=\"LrzXr\"><span class=\"LrzXr kno-fv wHYlTd z8gr9e\">69200<\/span> <span data-olk-copy-source=\"MessageBody\">Halle \u00e0 Grain de V\u00e9nissieux<\/span><\/span><\/p>\n<p>\ud83d\udcc6 <strong>Le 11 d\u00e9cembre 2025<\/strong> <br \/>\ud83d\udccc\u00a0<span class=\"LrzXr\"><span class=\"LrzXr kno-fv wHYlTd z8gr9e\">24000<\/span> <span class=\"LrzXr kno-fv wHYlTd z8gr9e\">P\u00e9rigueux<\/span><\/span><\/p>\n<p>\ud83d\udcc6 <strong>Le 23 janvier 2026<\/strong><br \/>\ud83d\udccc 24100 <span data-olk-copy-source=\"MessageBody\">Bergerac<\/span><\/p>\n<p>\ud83d\udcc6 <strong>Le 24 mars 2026<\/strong><br \/>\ud83d\udccc\u00a066600 <span data-olk-copy-source=\"MessageBody\">Rivesaltes<\/span><\/p>\n\n\n<p><\/p>\n","protected":false},"excerpt":{"rendered":"<p>PhotosPresseAgendaDossier pdf Th\u00e9\u00e2tre Cr\u00e9ation 2016 Tout public Avec : Ghislaine Bendongu\u00e9, Sandrine Besacier, Isabelle Rias, Katia Vichard &amp; Vincent VillemagneDur\u00e9e : 35 min suivi d&#8217;un d\u00e9batSoutenu par : les DDEN de V\u00e9nissieux Cela fait d\u00e9j\u00e0 4 ann\u00e9es que nous avons cr\u00e9\u00e9 le spectacle \u00ab Les la\u00efculteurs \u00bb \u00e0 la demande des DDEN de V\u00e9nissieux, \u00e0 &hellip; <a href=\"http:\/\/www.tractionavantcie.org\/tractionavant\/les-laiculteurs\/\" class=\"more-link\">Continuer la lecture de <span class=\"screen-reader-text\">Les La\u00efculteurs<\/span><\/a><\/p>\n","protected":false},"author":1,"featured_media":0,"parent":0,"menu_order":0,"comment_status":"closed","ping_status":"closed","template":"page-spectacle.php","meta":[],"_links":{"self":[{"href":"http:\/\/www.tractionavantcie.org\/tractionavant\/wp-json\/wp\/v2\/pages\/30"}],"collection":[{"href":"http:\/\/www.tractionavantcie.org\/tractionavant\/wp-json\/wp\/v2\/pages"}],"about":[{"href":"http:\/\/www.tractionavantcie.org\/tractionavant\/wp-json\/wp\/v2\/types\/page"}],"author":[{"embeddable":true,"href":"http:\/\/www.tractionavantcie.org\/tractionavant\/wp-json\/wp\/v2\/users\/1"}],"replies":[{"embeddable":true,"href":"http:\/\/www.tractionavantcie.org\/tractionavant\/wp-json\/wp\/v2\/comments?post=30"}],"version-history":[{"count":55,"href":"http:\/\/www.tractionavantcie.org\/tractionavant\/wp-json\/wp\/v2\/pages\/30\/revisions"}],"predecessor-version":[{"id":4232,"href":"http:\/\/www.tractionavantcie.org\/tractionavant\/wp-json\/wp\/v2\/pages\/30\/revisions\/4232"}],"wp:attachment":[{"href":"http:\/\/www.tractionavantcie.org\/tractionavant\/wp-json\/wp\/v2\/media?parent=30"}],"curies":[{"name":"wp","href":"https:\/\/api.w.org\/{rel}","templated":true}]}}