{"id":3231,"date":"2023-01-25T11:57:50","date_gmt":"2023-01-25T10:57:50","guid":{"rendered":"http:\/\/www.tractionavantcie.org\/tractionavant\/?page_id=3231"},"modified":"2024-06-25T18:44:14","modified_gmt":"2024-06-25T16:44:14","slug":"la-petite-fille-sous-la-riviere","status":"publish","type":"page","link":"http:\/\/www.tractionavantcie.org\/tractionavant\/la-petite-fille-sous-la-riviere\/","title":{"rendered":"La petite fille sous la rivi\u00e8re"},"content":{"rendered":"\n<div style=\"height:20px\" aria-hidden=\"true\" class=\"wp-block-spacer\"><\/div>\n\n\n\n<div class=\"alignnormal\"><div id=\"metaslider-id-3509\" style=\"width: 100%; margin: 0 auto;\" class=\"ml-slider-3-20-3 metaslider metaslider-flex metaslider-3509 ml-slider nav-hidden\">\n    <div id=\"metaslider_container_3509\">\n        <div id=\"metaslider_3509\">\n            <ul aria-live=\"polite\" class=\"slides\">\n                <li style=\"display: block; width: 100%;\" class=\"slide-3514 ms-image\"><img src=\"http:\/\/www.tractionavantcie.org\/tractionavant\/wp-content\/uploads\/2020\/04\/La-petite-fille-sous-la-riviere01-700x500.jpg\" height=\"500\" width=\"700\" alt=\"\" class=\"slider-3509 slide-3514\" title=\"La-petite-fille-sous-la-riviere01\" \/><div class=\"caption-wrap\"><div class=\"caption\">\u00a9 Gr\u00e9gory Rubinstein<\/div><\/div><\/li>\n                <li style=\"display: none; width: 100%;\" class=\"slide-3515 ms-image\"><img src=\"http:\/\/www.tractionavantcie.org\/tractionavant\/wp-content\/uploads\/2020\/04\/La-petite-fille-sous-la-riviere02-700x500.jpg\" height=\"500\" width=\"700\" alt=\"\" class=\"slider-3509 slide-3515\" title=\"La-petite-fille-sous-la-riviere02\" \/><div class=\"caption-wrap\"><div class=\"caption\">\u00a9 Gr\u00e9gory Rubinstein<\/div><\/div><\/li>\n                <li style=\"display: none; width: 100%;\" class=\"slide-3516 ms-image\"><img src=\"http:\/\/www.tractionavantcie.org\/tractionavant\/wp-content\/uploads\/2020\/04\/La-petite-fille-sous-la-riviere03-700x500.jpg\" height=\"500\" width=\"700\" alt=\"\" class=\"slider-3509 slide-3516\" title=\"La-petite-fille-sous-la-riviere03\" \/><div class=\"caption-wrap\"><div class=\"caption\">\u00a9 Gr\u00e9gory Rubinstein<\/div><\/div><\/li>\n                <li style=\"display: none; width: 100%;\" class=\"slide-3517 ms-image\"><img src=\"http:\/\/www.tractionavantcie.org\/tractionavant\/wp-content\/uploads\/2020\/04\/La-petite-fille-sous-la-riviere04-700x500.jpg\" height=\"500\" width=\"700\" alt=\"\" class=\"slider-3509 slide-3517\" title=\"La-petite-fille-sous-la-riviere04\" \/><div class=\"caption-wrap\"><div class=\"caption\">\u00a9 Gr\u00e9gory Rubinstein<\/div><\/div><\/li>\n                <li style=\"display: none; width: 100%;\" class=\"slide-3524 ms-image\"><img src=\"http:\/\/www.tractionavantcie.org\/tractionavant\/wp-content\/uploads\/2020\/04\/La-petite-fille-sous-la-riviere05-700x500.jpg\" height=\"500\" width=\"700\" alt=\"\" class=\"slider-3509 slide-3524\" title=\"La-petite-fille-sous-la-riviere05\" \/><div class=\"caption-wrap\"><div class=\"caption\">\u00a9 Gr\u00e9gory Rubinstein<\/div><\/div><\/li>\n                <li style=\"display: none; width: 100%;\" class=\"slide-3525 ms-image\"><img src=\"http:\/\/www.tractionavantcie.org\/tractionavant\/wp-content\/uploads\/2020\/04\/La-petite-fille-sous-la-riviere06-700x500.jpg\" height=\"500\" width=\"700\" alt=\"\" class=\"slider-3509 slide-3525\" title=\"La-petite-fille-sous-la-riviere06\" \/><div class=\"caption-wrap\"><div class=\"caption\">\u00a9 Gr\u00e9gory Rubinstein<\/div><\/div><\/li>\n                <li style=\"display: none; width: 100%;\" class=\"slide-3526 ms-image\"><img src=\"http:\/\/www.tractionavantcie.org\/tractionavant\/wp-content\/uploads\/2020\/04\/La-petite-fille-sous-la-riviere07-700x500.jpg\" height=\"500\" width=\"700\" alt=\"\" class=\"slider-3509 slide-3526\" title=\"La-petite-fille-sous-la-riviere07\" \/><div class=\"caption-wrap\"><div class=\"caption\">\u00a9 Gr\u00e9gory Rubinstein<\/div><\/div><\/li>\n                <li style=\"display: none; width: 100%;\" class=\"slide-3527 ms-image\"><img src=\"http:\/\/www.tractionavantcie.org\/tractionavant\/wp-content\/uploads\/2020\/04\/La-petite-fille-sous-la-riviere08-700x500.jpg\" height=\"500\" width=\"700\" alt=\"\" class=\"slider-3509 slide-3527\" title=\"La-petite-fille-sous-la-riviere08\" \/><div class=\"caption-wrap\"><div class=\"caption\">\u00a9 Gr\u00e9gory Rubinstein<\/div><\/div><\/li>\n                <li style=\"display: none; width: 100%;\" class=\"slide-3528 ms-image\"><img src=\"http:\/\/www.tractionavantcie.org\/tractionavant\/wp-content\/uploads\/2020\/04\/La-petite-fille-sous-la-riviere09-700x500.jpg\" height=\"500\" width=\"700\" alt=\"\" class=\"slider-3509 slide-3528\" title=\"La-petite-fille-sous-la-riviere09\" \/><div class=\"caption-wrap\"><div class=\"caption\">\u00a9 Gr\u00e9gory Rubinstein<\/div><\/div><\/li>\n                <li style=\"display: none; width: 100%;\" class=\"slide-3529 ms-image\"><img src=\"http:\/\/www.tractionavantcie.org\/tractionavant\/wp-content\/uploads\/2020\/04\/La-petite-fille-sous-la-riviere10-700x500.jpg\" height=\"500\" width=\"700\" alt=\"\" class=\"slider-3509 slide-3529\" title=\"La-petite-fille-sous-la-riviere10\" \/><div class=\"caption-wrap\"><div class=\"caption\">\u00a9 Gr\u00e9gory Rubinstein<\/div><\/div><\/li>\n            <\/ul>\n        <\/div>\n        \n    <\/div>\n<\/div><\/div>\n\n\n\n<div style=\"height:50px\" aria-hidden=\"true\" class=\"wp-block-spacer\"><\/div>\n\n\n<div class=\"menuspect\"><a href=\"#teaser\">Vid\u00e9os<\/a><a href=\"#agenda\">Agenda<\/a><a href=\"http:\/\/www.tractionavantcie.org\/pdf\/La-petite-fille-sous-la-riviere-dossier.pdf\" target=\"_blank\" rel=\"noopener noreferrer\">Dossier pdf<\/a><\/div>\n<hr \/>\n<h1><a class=\"single_photoswipe\" href=\"http:\/\/www.tractionavantcie.org\/tractionavant\/wp-content\/uploads\/2023\/07\/aff_la-petite-fille-sous-la-riviere.jpg\" data-size=\"849x1200\"><img loading=\"lazy\" class=\"alignright wp-image-3586 size-medium\" src=\"http:\/\/www.tractionavantcie.org\/tractionavant\/wp-content\/uploads\/2023\/07\/aff_la-petite-fille-sous-la-riviere-212x300.jpg\" alt=\"\" width=\"212\" height=\"300\" srcset=\"http:\/\/www.tractionavantcie.org\/tractionavant\/wp-content\/uploads\/2023\/07\/aff_la-petite-fille-sous-la-riviere-212x300.jpg 212w, http:\/\/www.tractionavantcie.org\/tractionavant\/wp-content\/uploads\/2023\/07\/aff_la-petite-fille-sous-la-riviere-724x1024.jpg 724w, http:\/\/www.tractionavantcie.org\/tractionavant\/wp-content\/uploads\/2023\/07\/aff_la-petite-fille-sous-la-riviere-768x1086.jpg 768w, http:\/\/www.tractionavantcie.org\/tractionavant\/wp-content\/uploads\/2023\/07\/aff_la-petite-fille-sous-la-riviere.jpg 849w\" sizes=\"(max-width: 212px) 100vw, 212px\" \/><\/a><img loading=\"lazy\" class=\"gif alignnone wp-image-3566 size-full\" src=\"http:\/\/www.tractionavantcie.org\/tractionavant\/wp-content\/uploads\/2023\/06\/titre-la-petite-fille-sous-la-riviere-2.png\" alt=\"\" width=\"500\" height=\"148\" srcset=\"http:\/\/www.tractionavantcie.org\/tractionavant\/wp-content\/uploads\/2023\/06\/titre-la-petite-fille-sous-la-riviere-2.png 500w, http:\/\/www.tractionavantcie.org\/tractionavant\/wp-content\/uploads\/2023\/06\/titre-la-petite-fille-sous-la-riviere-2-300x89.png 300w\" sizes=\"(max-width: 500px) 100vw, 500px\" \/><\/h1>\n<p><strong>Cr\u00e9ation mars 2023<\/strong><br \/><strong>Spectacle de danse et images<br \/>Pour les petits et tout petits<\/strong><\/p>\n<p><strong><span style=\"color: #a80804;\">Mise en sc\u00e8ne, r\u00e9alisation vid\u00e9o : <\/span><\/strong>Slimane Bounia<strong><span style=\"color: #a80804;\"><br \/>Chor\u00e9graphie : <\/span><\/strong>Fr\u00e9d\u00e9rique Mille<br \/><strong><span style=\"color: #a80804;\">Regard ext\u00e9rieur danse :<\/span><\/strong> Thomas Guerry<br \/><strong><span style=\"color: #a80804;\">Musique :<\/span><\/strong> Florian Doidy<br \/><strong><span style=\"color: #a80804;\">Univers visuel :<\/span><\/strong> Pierre Laurent<br \/><span style=\"color: #a80804;\"><strong>Avec :<\/strong><\/span> Fr\u00e9d\u00e9rique Mille<br \/><span style=\"color: #a80804;\"><strong>Conseils petite enfance<\/strong><\/span> : \u00e9ducatrices specialis\u00e9es de cr\u00e8ches en Haute Loire Marie Drevon, animatrice relais assistantes maternelles \u00e0 V\u00e9nissieux<\/p>\n<p>Quand Isaure a un chagrin, elle aime se r\u00e9fugier au bord de la rivi\u00e8re. Elle joue avec son reflet.<br \/>Un jour elle d\u00e9couvre qu\u2019elle peut passer de l\u2019autre c\u00f4t\u00e9 du miroir d\u2019eau. Elle plonge alors dans un monde imaginaire.<\/p>\n<hr \/>\n<h2 id=\"teaser\">Vid\u00e9o<\/h2>\n<div class=\"arve-wrapper aligncenter\" data-mode=\"normal\" data-provider=\"html5\" id=\"arve-httpwwwtractionavantcieorgmediasLa-petite-fille-sous-la-riviere-5mp4\" style=\"max-width:500px;\" itemscope itemtype=\"http:\/\/schema.org\/VideoObject\"><div class=\"arve-embed-container\" style=\"height:auto;padding:0\"><meta itemprop=\"thumbnailUrl\" content=\"http:\/\/www.tractionavantcie.org\/tractionavant\/wp-content\/uploads\/2023\/06\/La-petite-fille-sous-la-riviere-5-site.jpg\"><video controls controlslist=\"nodownload\" preload=\"metadata\" width=\"480\" height=\"270\" poster=\"http:\/\/www.tractionavantcie.org\/tractionavant\/wp-content\/uploads\/2023\/06\/La-petite-fille-sous-la-riviere-5-site.jpg\" class=\"arve-video fitvidsignore\"><source type=\"video\/mp4\" src=\"http:\/\/www.tractionavantcie.org\/medias\/La-petite-fille-sous-la-riviere-5.mp4\"><\/video><\/div><\/div>\n<hr \/>\n<h2 id=\"agenda\">Agenda<\/h2>\n<p>\ud83d\udcc6 <strong>F\u00e9vrier 2023<\/strong><br \/>\ud83d\udccc Sortie de r\u00e9sidence au Festival L\u00e9zard d\u2019Hiver \u2013 Espaly St Marcel (43)<br \/><strong>Jeudi 23 \u00e0 9h :<\/strong> Animation avec les petits dans la cr\u00e8che<br \/><strong>Jeudi 24 \u00e0 9h :<\/strong> B\u00e9b\u00e9s et nounous du Relais d\u2019assistantes maternelles<br \/><strong>Jeudi 24 \u00e0 10h :<\/strong> Classe PS1 et PS2 \u00e9cole priv\u00e9e<br \/><strong>Jeudi 24 \u00e0 11h :<\/strong> Classe MS et GS \u00e9cole publique<br \/><strong>Jeudi 24 \u00e0 16h30 :<\/strong> Groupe de grands de la cr\u00e8che<br \/><strong>Dimanche 26 \u00e0 10h :<\/strong> Tout public<\/p>\n<p>\ud83d\udcc6 <strong>Mars<\/strong><br \/>\ud83d\udccc Sortie de r\u00e9sidence dans la salle de l\u2019Atelier au Th\u00e9\u00e2tre du Puy en Velay (43)<br \/><strong>Vendredi 24 \u00e0 9h :<\/strong> Classe CP<br \/><strong>Vendredi 24 \u00e0 10h30 :<\/strong> Classe ULIS GS \u00e0 CM2<\/p>\n<p>\ud83d\udcc6 <strong>Avril<\/strong><br \/>\ud83d\udccc Avant-premi\u00e8re \u00e0 la Salle Erik Satie \u2013 V\u00e9nissieux (69)<br \/><strong>Vendredi 28 \u00e0 9h et 10h30<\/strong><\/p>\n<p>\ud83d\udcc6 <strong>Septembre \/ Octobre<\/strong><br \/>\ud83d\udccc 9 ateliers danse avec le Relais d\u2019Assistantes Maternelles de V\u00e9nissieux (69)<\/p>\n<p>\ud83d\udcc6 <strong>Octobre<\/strong><br \/>\ud83d\udccc <strong>Mardi 24 \u00e0 10h-17h, mercredi 25 \u00e0 10h-17h<\/strong> dans la salle de l\u2019Atelier au Th\u00e9\u00e2tre du Puy en Velay (43)<\/p>\n<p>\ud83d\udcc6 <strong>D\u00e9cembre<\/strong><br \/>\ud83d\udccc Du lundi 4 au vendredi 8 \u00e0 L\u2019Embarcad\u00e8re de Vorey (43)<\/p>\n<p>\ud83d\udcc6 <strong>Janvier \/ F\u00e9vrier<\/strong><br \/>\ud83d\udccc Du lundi 29 au vendredi 2 \u00e0 la Salle Erik Satie de Venissieux (69)<\/p>","protected":false},"excerpt":{"rendered":"<p>Vid\u00e9osAgendaDossier pdf Cr\u00e9ation mars 2023Spectacle de danse et imagesPour les petits et tout petits Mise en sc\u00e8ne, r\u00e9alisation vid\u00e9o : Slimane BouniaChor\u00e9graphie : Fr\u00e9d\u00e9rique MilleRegard ext\u00e9rieur danse : Thomas GuerryMusique : Florian DoidyUnivers visuel : Pierre LaurentAvec : Fr\u00e9d\u00e9rique MilleConseils petite enfance : \u00e9ducatrices specialis\u00e9es de cr\u00e8ches en Haute Loire Marie Drevon, animatrice relais assistantes &hellip; <a href=\"http:\/\/www.tractionavantcie.org\/tractionavant\/la-petite-fille-sous-la-riviere\/\" class=\"more-link\">Continuer la lecture de <span class=\"screen-reader-text\">La petite fille sous la rivi\u00e8re<\/span><\/a><\/p>\n","protected":false},"author":1,"featured_media":0,"parent":0,"menu_order":0,"comment_status":"closed","ping_status":"closed","template":"page-spectacle.php","meta":[],"_links":{"self":[{"href":"http:\/\/www.tractionavantcie.org\/tractionavant\/wp-json\/wp\/v2\/pages\/3231"}],"collection":[{"href":"http:\/\/www.tractionavantcie.org\/tractionavant\/wp-json\/wp\/v2\/pages"}],"about":[{"href":"http:\/\/www.tractionavantcie.org\/tractionavant\/wp-json\/wp\/v2\/types\/page"}],"author":[{"embeddable":true,"href":"http:\/\/www.tractionavantcie.org\/tractionavant\/wp-json\/wp\/v2\/users\/1"}],"replies":[{"embeddable":true,"href":"http:\/\/www.tractionavantcie.org\/tractionavant\/wp-json\/wp\/v2\/comments?post=3231"}],"version-history":[{"count":29,"href":"http:\/\/www.tractionavantcie.org\/tractionavant\/wp-json\/wp\/v2\/pages\/3231\/revisions"}],"predecessor-version":[{"id":3824,"href":"http:\/\/www.tractionavantcie.org\/tractionavant\/wp-json\/wp\/v2\/pages\/3231\/revisions\/3824"}],"wp:attachment":[{"href":"http:\/\/www.tractionavantcie.org\/tractionavant\/wp-json\/wp\/v2\/media?parent=3231"}],"curies":[{"name":"wp","href":"https:\/\/api.w.org\/{rel}","templated":true}]}}