{"id":3264,"date":"2023-01-30T10:19:26","date_gmt":"2023-01-30T09:19:26","guid":{"rendered":"http:\/\/www.tractionavantcie.org\/tractionavant\/?page_id=3264"},"modified":"2023-11-11T11:19:33","modified_gmt":"2023-11-11T10:19:33","slug":"la-ballade-des-gens-qui-sont-nes-quelque-part","status":"publish","type":"page","link":"http:\/\/www.tractionavantcie.org\/tractionavant\/la-ballade-des-gens-qui-sont-nes-quelque-part\/","title":{"rendered":"LA BALLADE DES GENS QUI SONT N\u00c9S QUELQUE PART"},"content":{"rendered":"\n<h2 class=\"has-text-align-center titreballade\" style=\"font-size:60px\">LA BALLADE DES GENS QUI SONT N\u00c9S QUELQUE PART<\/h2>\n\n\n\n<div class=\"wp-block-image\"><figure class=\"aligncenter size-large is-resized\"><a class=\"single_photoswipe\" data-size=\"848x1200\" class=\"single_photoswipe\" href=\"http:\/\/www.tractionavantcie.org\/tractionavant\/wp-content\/uploads\/2023\/01\/Affiche-ballade-web.jpg\"><img loading=\"lazy\" src=\"http:\/\/www.tractionavantcie.org\/tractionavant\/wp-content\/uploads\/2023\/01\/Affiche-ballade-web-724x1024.jpg\" alt=\"\" class=\"wp-image-3262\" width=\"216\" height=\"306\" srcset=\"http:\/\/www.tractionavantcie.org\/tractionavant\/wp-content\/uploads\/2023\/01\/Affiche-ballade-web-724x1024.jpg 724w, http:\/\/www.tractionavantcie.org\/tractionavant\/wp-content\/uploads\/2023\/01\/Affiche-ballade-web-212x300.jpg 212w, http:\/\/www.tractionavantcie.org\/tractionavant\/wp-content\/uploads\/2023\/01\/Affiche-ballade-web-768x1087.jpg 768w, http:\/\/www.tractionavantcie.org\/tractionavant\/wp-content\/uploads\/2023\/01\/Affiche-ballade-web.jpg 848w\" sizes=\"(max-width: 216px) 100vw, 216px\" \/><\/a><\/figure><\/div>\n\n\n\n<p class=\"has-white-color has-text-color\"><em>\u00ab&nbsp;V\u00e9nissieux, automne 2023, le compte \u00e0 rebours est lanc\u00e9. Un groupe de jeunes gens s\u2019est donn\u00e9 rendez-vous pour assister \u00e0 la destruction d\u2019une barre d\u2019immeuble dans laquelle la plupart d\u2019entre-eux a v\u00e9cu. La veille, certains apprenaient, lors d\u2019une conf\u00e9rence donn\u00e9e dans leur lyc\u00e9e, l\u2019existence de la Marche pour l\u2019\u00c9galit\u00e9 et contre le Racisme de 1983.<br>Quarante ans plus tard, derri\u00e8re la baie vitr\u00e9e du centre social des Minguettes, alors que leur barre explose, tous se positionnent face aux violences et aux injustices du monde et questionnent leur pouvoir d\u2019agir. Alors que la prose de Brassens teint\u00e9e de sonorit\u00e9s jazz et d\u2019un doux accent camerounais \u00e9graine sa douce m\u00e9lancolie, la vie de ces jeunes habitants, derri\u00e8re cette baie vitr\u00e9e, pourrait soudain se remettre en marche.&nbsp;\u00bb<\/em><\/p>\n\n\n\n<div class=\"wp-block-columns\">\n<div class=\"wp-block-column\">\n<div class=\"wp-block-image\"><figure class=\"aligncenter size-large\"><a href=\"https:\/\/www.youtube.com\/watch?v=wQGCbRgagxo&amp;ab_channel=TractionAvantCie\" target=\"_blank\" rel=\"noopener\"><img loading=\"lazy\" width=\"500\" height=\"209\" src=\"http:\/\/www.tractionavantcie.org\/tractionavant\/wp-content\/uploads\/2022\/09\/episode01-1.jpg\" alt=\"\" class=\"wp-image-2899\" srcset=\"http:\/\/www.tractionavantcie.org\/tractionavant\/wp-content\/uploads\/2022\/09\/episode01-1.jpg 500w, http:\/\/www.tractionavantcie.org\/tractionavant\/wp-content\/uploads\/2022\/09\/episode01-1-300x125.jpg 300w\" sizes=\"(max-width: 500px) 100vw, 500px\" \/><\/a><\/figure><\/div>\n\n\n\n<p class=\"has-text-align-center steelfish has-white-color has-text-color\">\u00c9pisode 01<\/p>\n<\/div>\n\n\n\n<div class=\"wp-block-column\">\n<div class=\"wp-block-image\"><figure class=\"aligncenter size-large\"><a href=\"https:\/\/www.youtube.com\/watch?v=KB8nAS6DCS4&amp;ab_channel=TractionAvantCie\" target=\"_blank\" rel=\"noopener\"><img loading=\"lazy\" width=\"500\" height=\"209\" src=\"http:\/\/www.tractionavantcie.org\/tractionavant\/wp-content\/uploads\/2022\/09\/episode02-1.jpg\" alt=\"\" class=\"wp-image-2901\" srcset=\"http:\/\/www.tractionavantcie.org\/tractionavant\/wp-content\/uploads\/2022\/09\/episode02-1.jpg 500w, http:\/\/www.tractionavantcie.org\/tractionavant\/wp-content\/uploads\/2022\/09\/episode02-1-300x125.jpg 300w\" sizes=\"(max-width: 500px) 100vw, 500px\" \/><\/a><\/figure><\/div>\n\n\n\n<p class=\"has-text-align-center steelfish has-white-color has-text-color\">\u00c9pisode 02<\/p>\n<\/div>\n\n\n\n<div class=\"wp-block-column is-vertically-aligned-top\">\n<figure class=\"wp-block-image size-large\"><a href=\"https:\/\/www.youtube.com\/watch?v=3zUV4duqtd0&amp;ab_channel=TractionAvantCie\" target=\"_blank\" rel=\"noopener\"><img loading=\"lazy\" width=\"500\" height=\"209\" src=\"http:\/\/www.tractionavantcie.org\/tractionavant\/wp-content\/uploads\/2022\/09\/episode03-1.jpg\" alt=\"\" class=\"wp-image-2902\" srcset=\"http:\/\/www.tractionavantcie.org\/tractionavant\/wp-content\/uploads\/2022\/09\/episode03-1.jpg 500w, http:\/\/www.tractionavantcie.org\/tractionavant\/wp-content\/uploads\/2022\/09\/episode03-1-300x125.jpg 300w\" sizes=\"(max-width: 500px) 100vw, 500px\" \/><\/a><\/figure>\n\n\n\n<p class=\"has-text-align-center steelfish has-white-color has-text-color\">\u00c9pisode 03<\/p>\n<\/div>\n<\/div>\n\n\n\n<div class=\"wp-block-columns\">\n<div class=\"wp-block-column\">\n<div class=\"wp-block-image\"><figure class=\"aligncenter size-large\"><a href=\"https:\/\/www.youtube.com\/watch?v=JqoacXQoFjo&amp;ab_channel=TractionAvantCie\" target=\"_blank\" rel=\"noopener\"><img loading=\"lazy\" width=\"500\" height=\"209\" src=\"http:\/\/www.tractionavantcie.org\/tractionavant\/wp-content\/uploads\/2023\/06\/episode04-1.jpg\" alt=\"\" class=\"wp-image-3580\" srcset=\"http:\/\/www.tractionavantcie.org\/tractionavant\/wp-content\/uploads\/2023\/06\/episode04-1.jpg 500w, http:\/\/www.tractionavantcie.org\/tractionavant\/wp-content\/uploads\/2023\/06\/episode04-1-300x125.jpg 300w\" sizes=\"(max-width: 500px) 100vw, 500px\" \/><\/a><\/figure><\/div>\n\n\n\n<p class=\"has-text-align-center steelfish has-white-color has-text-color\">\u00c9pisode 04<\/p>\n<\/div>\n\n\n\n<div class=\"wp-block-column\">\n<div class=\"wp-block-image\"><figure class=\"aligncenter size-large\"><a href=\"https:\/\/youtu.be\/LPhjqNSl0Qk\" target=\"_blank\" rel=\"noopener\"><img loading=\"lazy\" width=\"500\" height=\"209\" src=\"http:\/\/www.tractionavantcie.org\/tractionavant\/wp-content\/uploads\/2023\/09\/episode05.jpg\" alt=\"\" class=\"wp-image-3607\" srcset=\"http:\/\/www.tractionavantcie.org\/tractionavant\/wp-content\/uploads\/2023\/09\/episode05.jpg 500w, http:\/\/www.tractionavantcie.org\/tractionavant\/wp-content\/uploads\/2023\/09\/episode05-300x125.jpg 300w\" sizes=\"(max-width: 500px) 100vw, 500px\" \/><\/a><\/figure><\/div>\n\n\n\n<p class=\"has-text-align-center steelfish has-white-color has-text-color\">\u00c9pisode 05<\/p>\n\n\n\n<p class=\"has-text-align-center steelfish has-white-color has-text-color\"><\/p>\n<\/div>\n\n\n\n<div class=\"wp-block-column\">\n<div class=\"wp-block-image\"><figure class=\"aligncenter size-large\"><a href=\"https:\/\/www.youtube.com\/watch?v=qxSeLbQtvWc&amp;ab_channel=TractionAvantCie\" target=\"_blank\" rel=\"noopener\"><img loading=\"lazy\" width=\"500\" height=\"209\" src=\"http:\/\/www.tractionavantcie.org\/tractionavant\/wp-content\/uploads\/2023\/11\/episode06.jpg\" alt=\"\" class=\"wp-image-3689\" srcset=\"http:\/\/www.tractionavantcie.org\/tractionavant\/wp-content\/uploads\/2023\/11\/episode06.jpg 500w, http:\/\/www.tractionavantcie.org\/tractionavant\/wp-content\/uploads\/2023\/11\/episode06-300x125.jpg 300w\" sizes=\"(max-width: 500px) 100vw, 500px\" \/><\/a><\/figure><\/div>\n\n\n\n<p class=\"has-text-align-center steelfish has-white-color has-text-color\">\u00c9pisode 06<\/p>\n\n\n\n<p class=\"has-text-align-center steelfish has-white-color has-text-color\"><\/p>\n<\/div>\n<\/div>\n\n\n\n<div class=\"wp-block-columns\">\n<div class=\"wp-block-column\"><\/div>\n\n\n\n<div class=\"wp-block-column\">\n<div class=\"wp-block-image\"><figure class=\"aligncenter size-large\"><a href=\"https:\/\/www.youtube.com\/watch?v=QOJuX_MTSxY&amp;ab_channel=TractionAvantCie\" target=\"_blank\" rel=\"noopener\"><img loading=\"lazy\" width=\"500\" height=\"209\" src=\"http:\/\/www.tractionavantcie.org\/tractionavant\/wp-content\/uploads\/2023\/11\/episode07-1.jpg\" alt=\"\" class=\"wp-image-3690\" srcset=\"http:\/\/www.tractionavantcie.org\/tractionavant\/wp-content\/uploads\/2023\/11\/episode07-1.jpg 500w, http:\/\/www.tractionavantcie.org\/tractionavant\/wp-content\/uploads\/2023\/11\/episode07-1-300x125.jpg 300w\" sizes=\"(max-width: 500px) 100vw, 500px\" \/><\/a><\/figure><\/div>\n\n\n\n<p class=\"has-text-align-center steelfish has-white-color has-text-color\">\u00c9pisode 07<\/p>\n\n\n\n<p class=\"has-text-align-center steelfish has-white-color has-text-color\"><\/p>\n<\/div>\n\n\n\n<div class=\"wp-block-column\">\n<p class=\"has-text-align-center steelfish has-white-color has-text-color\"><\/p>\n<\/div>\n<\/div>\n\n\n\n<p class=\"has-white-color has-text-color\">Avec par ordre alphab\u00e9tique&nbsp;:&nbsp;<br>ALFERI \u00c9milie, ARMAND H\u00e9lo\u00efse, BACAR Abderemane, BACAR \u00c9ly, BENDJAMA Samy, CHANDO Hakim, CHORFA Marwa, DAVTIAN Bela, DELL\u2019UNTO Ornella, DIBRA-SITI Ferdi, DUBOIS Jeanne, DUMAS Al\u00e8xe, DUMAS Tiphaine, EL RHAZI Safa, GASTAUT Yvan, GUERMAT Adila, HAMADI Soumaya, HAMA\u00cfLI Lina, Hannah, KE\u00cfTA Fatoumata, Khal-Khal, LEMEUNIER Jean Charles, LHUILLIER St\u00e9phan, MERCIER Romy, MIGUENS Valentine, MILLE Fr\u00e9d\u00e9rique, MOHAMED Na\u00efdine, MOINDJIE Arcane, MOURE Ludivine, MSAFIRE Yasmina, MSAFIRE Yasmine, MTSACHIOI Anya, PHAM Mylane, RAUSCH Ma\u00e9lys, SAANDI Nadjira, SABARA Islem, PATRA Rodrigue, RAY Cl\u00e9mentine, SAHRAOUI Youssra, SANGALLY Jean, SYLVESTRE Chaning, WATRELOT ABDALLAH Souniati.<\/p>\n\n\n\n<p class=\"has-white-color has-text-color\">et les joueuses du V\u00e9nissieux FC : CHERABI Rina, DRINE Manelle, FARHAT In\u00e8s, FARHAT Kam\u00e9lia, HECHICHE Kendra, HERAK Ilyana, SAHEL Nina, ZAALOUNI Maram entrain\u00e9es par AMERI Sabri.<\/p>\n\n\n\n<p class=\"has-white-color has-text-color\">R\u00c9ALIS\u00c9E par Slimane BOUNIA<br>\u00c9CRITE sous la direction de Vincent VILLEMAGNE<br>IMAGE Jonathan MOREL<br>PRISE DE SON Romain BOSSOUTROT et Manon BOURGEAT LAMI<br>MONTAGE Slimane BOUNIA<br>\u00c9TALONNAGE, TRUCAGES et G\u00c9N\u00c9RIQUES Ivan MERCIER<br>MIXAGE Romain BOSSOUTROT<br>MUSIQUE de Jean SANGALLY avec son aimable autorisation<br>CHANSON FINALE ENREGISTR\u00c9E PAR Cl\u00e9ment BALLY<br>PHOTOGRAPHE PLATEAU Aur\u00e9lie RIVI\u00c8REZ<br>CATERING Souk Kitchen<\/p>\n\n\n\n<div style=\"height:100px\" aria-hidden=\"true\" class=\"wp-block-spacer\"><\/div>\n\n\n\n<div class=\"wp-block-columns\">\n<div class=\"wp-block-column\"><\/div>\n\n\n\n<div class=\"wp-block-column is-vertically-aligned-center\">\n<figure class=\"wp-block-image size-large\"><img loading=\"lazy\" width=\"500\" height=\"144\" src=\"http:\/\/www.tractionavantcie.org\/tractionavant\/wp-content\/uploads\/2022\/09\/logo-Venissieux.jpg\" alt=\"\" class=\"wp-image-2880\" srcset=\"http:\/\/www.tractionavantcie.org\/tractionavant\/wp-content\/uploads\/2022\/09\/logo-Venissieux.jpg 500w, http:\/\/www.tractionavantcie.org\/tractionavant\/wp-content\/uploads\/2022\/09\/logo-Venissieux-300x86.jpg 300w\" sizes=\"(max-width: 500px) 100vw, 500px\" \/><\/figure>\n<\/div>\n\n\n\n<div class=\"wp-block-column is-vertically-aligned-center\" style=\"flex-basis:20%\">\n<figure class=\"wp-block-image size-large\"><img loading=\"lazy\" width=\"748\" height=\"56\" src=\"http:\/\/www.tractionavantcie.org\/tractionavant\/wp-content\/uploads\/2022\/09\/bandeau-mission-gpv.jpg\" alt=\"\" class=\"wp-image-2881\" srcset=\"http:\/\/www.tractionavantcie.org\/tractionavant\/wp-content\/uploads\/2022\/09\/bandeau-mission-gpv.jpg 748w, http:\/\/www.tractionavantcie.org\/tractionavant\/wp-content\/uploads\/2022\/09\/bandeau-mission-gpv-300x22.jpg 300w\" sizes=\"(max-width: 748px) 100vw, 748px\" \/><\/figure>\n<\/div>\n\n\n\n<div class=\"wp-block-column\">\n<div class=\"wp-block-image\"><figure class=\"aligncenter size-large is-resized\"><img loading=\"lazy\" src=\"http:\/\/www.tractionavantcie.org\/tractionavant\/wp-content\/uploads\/2022\/09\/PREF_Rhone_2020.jpg\" alt=\"\" class=\"wp-image-2882\" width=\"88\" height=\"85\" srcset=\"http:\/\/www.tractionavantcie.org\/tractionavant\/wp-content\/uploads\/2022\/09\/PREF_Rhone_2020.jpg 500w, http:\/\/www.tractionavantcie.org\/tractionavant\/wp-content\/uploads\/2022\/09\/PREF_Rhone_2020-300x289.jpg 300w\" sizes=\"(max-width: 88px) 100vw, 88px\" \/><\/figure><\/div>\n\n\n\n<p class=\"has-text-align-center steelfish has-white-color has-text-color\"><\/p>\n<\/div>\n\n\n\n<div class=\"wp-block-column is-vertically-aligned-center\">\n<div class=\"wp-block-image\"><figure class=\"aligncenter size-large\"><img loading=\"lazy\" width=\"331\" height=\"138\" src=\"http:\/\/www.tractionavantcie.org\/tractionavant\/wp-content\/uploads\/2023\/09\/logo-cinema.png\" alt=\"\" class=\"wp-image-3612\" srcset=\"http:\/\/www.tractionavantcie.org\/tractionavant\/wp-content\/uploads\/2023\/09\/logo-cinema.png 331w, http:\/\/www.tractionavantcie.org\/tractionavant\/wp-content\/uploads\/2023\/09\/logo-cinema-300x125.png 300w\" sizes=\"(max-width: 331px) 100vw, 331px\" \/><\/figure><\/div>\n<\/div>\n\n\n\n<div class=\"wp-block-column is-vertically-aligned-center\">\n<div class=\"wp-block-image\"><figure class=\"aligncenter size-large\"><img loading=\"lazy\" width=\"293\" height=\"157\" src=\"http:\/\/www.tractionavantcie.org\/tractionavant\/wp-content\/uploads\/2023\/09\/drac_auvergne_rhone-alpes.jpg\" alt=\"\" class=\"wp-image-3637\"\/><\/figure><\/div>\n<\/div>\n\n\n\n<div class=\"wp-block-column\"><\/div>\n<\/div>\n","protected":false},"excerpt":{"rendered":"<p>LA BALLADE DES GENS QUI SONT N\u00c9S QUELQUE PART \u00ab&nbsp;V\u00e9nissieux, automne 2023, le compte \u00e0 rebours est lanc\u00e9. Un groupe de jeunes gens s\u2019est donn\u00e9 rendez-vous pour assister \u00e0 la destruction d\u2019une barre d\u2019immeuble dans laquelle la plupart d\u2019entre-eux a v\u00e9cu. La veille, certains apprenaient, lors d\u2019une conf\u00e9rence donn\u00e9e dans leur lyc\u00e9e, l\u2019existence de la &hellip; <a href=\"http:\/\/www.tractionavantcie.org\/tractionavant\/la-ballade-des-gens-qui-sont-nes-quelque-part\/\" class=\"more-link\">Continuer la lecture de <span class=\"screen-reader-text\">LA BALLADE DES GENS QUI SONT N\u00c9S QUELQUE PART<\/span><\/a><\/p>\n","protected":false},"author":1,"featured_media":0,"parent":0,"menu_order":0,"comment_status":"closed","ping_status":"closed","template":"page-webserie.php","meta":[],"_links":{"self":[{"href":"http:\/\/www.tractionavantcie.org\/tractionavant\/wp-json\/wp\/v2\/pages\/3264"}],"collection":[{"href":"http:\/\/www.tractionavantcie.org\/tractionavant\/wp-json\/wp\/v2\/pages"}],"about":[{"href":"http:\/\/www.tractionavantcie.org\/tractionavant\/wp-json\/wp\/v2\/types\/page"}],"author":[{"embeddable":true,"href":"http:\/\/www.tractionavantcie.org\/tractionavant\/wp-json\/wp\/v2\/users\/1"}],"replies":[{"embeddable":true,"href":"http:\/\/www.tractionavantcie.org\/tractionavant\/wp-json\/wp\/v2\/comments?post=3264"}],"version-history":[{"count":28,"href":"http:\/\/www.tractionavantcie.org\/tractionavant\/wp-json\/wp\/v2\/pages\/3264\/revisions"}],"predecessor-version":[{"id":3691,"href":"http:\/\/www.tractionavantcie.org\/tractionavant\/wp-json\/wp\/v2\/pages\/3264\/revisions\/3691"}],"wp:attachment":[{"href":"http:\/\/www.tractionavantcie.org\/tractionavant\/wp-json\/wp\/v2\/media?parent=3264"}],"curies":[{"name":"wp","href":"https:\/\/api.w.org\/{rel}","templated":true}]}}