{"id":3698,"date":"2023-11-11T11:27:27","date_gmt":"2023-11-11T10:27:27","guid":{"rendered":"http:\/\/www.tractionavantcie.org\/tractionavant\/?page_id=3698"},"modified":"2023-11-11T11:27:37","modified_gmt":"2023-11-11T10:27:37","slug":"histoires-degalite-lemission-2","status":"publish","type":"page","link":"http:\/\/www.tractionavantcie.org\/tractionavant\/histoires-degalite-lemission-2\/","title":{"rendered":"Histoire(s) d\u2019\u00e9galit\u00e9 &#8211; l&#8217;\u00e9mission (2)"},"content":{"rendered":"\n<h2 class=\"has-text-align-center has-white-color has-text-color\" style=\"font-size:60px\">Histoire(s) d\u2019\u00e9galit\u00e9 &#8211; L&#8217;\u00e9mission (2)<\/h2>\n\n\n<div class=\"arve-wrapper aligncenter\" data-mode=\"normal\" data-provider=\"html5\" id=\"arve-httpwwwtractionavantcieorgmediasfoot-party-webmp4\" style=\"max-width:800px;\" itemscope itemtype=\"http:\/\/schema.org\/VideoObject\"><div class=\"arve-embed-container\" style=\"height:auto;padding:0\"><meta itemprop=\"thumbnailUrl\" content=\"http:\/\/www.tractionavantcie.org\/tractionavant\/wp-content\/uploads\/2023\/10\/histoire-d-egalite-emission.jpg\"><video controls controlslist=\"nodownload\" preload=\"metadata\" width=\"480\" height=\"270\" poster=\"http:\/\/www.tractionavantcie.org\/tractionavant\/wp-content\/uploads\/2023\/10\/histoire-d-egalite-emission.jpg\" class=\"arve-video fitvidsignore\"><source type=\"video\/mp4\" src=\"http:\/\/www.tractionavantcie.org\/medias\/foot-party-web.mp4\"><\/video><\/div><\/div>\n","protected":false},"excerpt":{"rendered":"<p>Histoire(s) d\u2019\u00e9galit\u00e9 &#8211; L&#8217;\u00e9mission (2)<\/p>\n","protected":false},"author":1,"featured_media":0,"parent":0,"menu_order":0,"comment_status":"closed","ping_status":"closed","template":"page-captation.php","meta":[],"_links":{"self":[{"href":"http:\/\/www.tractionavantcie.org\/tractionavant\/wp-json\/wp\/v2\/pages\/3698"}],"collection":[{"href":"http:\/\/www.tractionavantcie.org\/tractionavant\/wp-json\/wp\/v2\/pages"}],"about":[{"href":"http:\/\/www.tractionavantcie.org\/tractionavant\/wp-json\/wp\/v2\/types\/page"}],"author":[{"embeddable":true,"href":"http:\/\/www.tractionavantcie.org\/tractionavant\/wp-json\/wp\/v2\/users\/1"}],"replies":[{"embeddable":true,"href":"http:\/\/www.tractionavantcie.org\/tractionavant\/wp-json\/wp\/v2\/comments?post=3698"}],"version-history":[{"count":1,"href":"http:\/\/www.tractionavantcie.org\/tractionavant\/wp-json\/wp\/v2\/pages\/3698\/revisions"}],"predecessor-version":[{"id":3700,"href":"http:\/\/www.tractionavantcie.org\/tractionavant\/wp-json\/wp\/v2\/pages\/3698\/revisions\/3700"}],"wp:attachment":[{"href":"http:\/\/www.tractionavantcie.org\/tractionavant\/wp-json\/wp\/v2\/media?parent=3698"}],"curies":[{"name":"wp","href":"https:\/\/api.w.org\/{rel}","templated":true}]}}