{"id":4147,"date":"2025-09-08T11:07:34","date_gmt":"2025-09-08T09:07:34","guid":{"rendered":"http:\/\/www.tractionavantcie.org\/tractionavant\/?page_id=4147"},"modified":"2025-09-08T11:10:00","modified_gmt":"2025-09-08T09:10:00","slug":"infolettre-annee-2024","status":"publish","type":"page","link":"http:\/\/www.tractionavantcie.org\/tractionavant\/infolettre-annee-2024\/","title":{"rendered":"Infolettre \u2013 Ann\u00e9e 2024"},"content":{"rendered":"<div style=\"max-width: 800px; margin: 0 auto; border: 0.1rem solid #999;\">\n<p style=\"text-align: center;\"><img loading=\"lazy\" class=\"aligncenter size-full wp-image-3339\" style=\"max-width: 100%; height: auto;\" src=\"http:\/\/www.tractionavantcie.org\/tractionavant\/wp-content\/uploads\/2023\/03\/fond-newsletter2.jpg\" alt=\"\" width=\"1200\" height=\"456\" srcset=\"http:\/\/www.tractionavantcie.org\/tractionavant\/wp-content\/uploads\/2023\/03\/fond-newsletter2.jpg 1200w, http:\/\/www.tractionavantcie.org\/tractionavant\/wp-content\/uploads\/2023\/03\/fond-newsletter2-300x114.jpg 300w, http:\/\/www.tractionavantcie.org\/tractionavant\/wp-content\/uploads\/2023\/03\/fond-newsletter2-1024x389.jpg 1024w, http:\/\/www.tractionavantcie.org\/tractionavant\/wp-content\/uploads\/2023\/03\/fond-newsletter2-768x292.jpg 768w\" sizes=\"(max-width: 1200px) 100vw, 1200px\" \/><\/p>\n<div style=\"padding: 0 10px 0 10px;\">\n<p style=\"text-align: justify;\"><span style=\"font-family: trebuchet ms, geneva, sans-serif; color: #808080; font-size: 12pt;\">Dans le cadre de notre webs\u00e9rie LA BALLADE DES GENS QUI SONT N\u00c9S QUELQUE PART (encore visible sur notre site et autres plateformes bien connues de streaming !) nous avions eu le bonheur de collaborer avec Jean Sangally qui, non seulement a sign\u00e9 notre bande originale avec ses superbes reprises de Georges Brassens, mais nous a fait \u00e9galement l\u2019honneur d\u2019apparaitre en chair et en os dans nos \u00e9pisodes. Nous avions envie de l\u2019entendre \u00e0 nouveau ! Si \u00e7a vous dit, rejoignez nous salle \u00c9rik Satie le 17 octobre !<\/span><\/p>\n<p><a class=\"single_photoswipe\" data-size=\"849x1200\" href=\"http:\/\/www.tractionavantcie.org\/tractionavant\/wp-content\/uploads\/2024\/10\/affiche-Jean-Sangally-Concert-17-oct.jpg\"><img loading=\"lazy\" class=\"aligncenter wp-image-3923\" src=\"http:\/\/www.tractionavantcie.org\/tractionavant\/wp-content\/uploads\/2024\/10\/affiche-Jean-Sangally-Concert-17-oct-212x300.jpg\" alt=\"\" width=\"331\" height=\"468\" srcset=\"http:\/\/www.tractionavantcie.org\/tractionavant\/wp-content\/uploads\/2024\/10\/affiche-Jean-Sangally-Concert-17-oct-212x300.jpg 212w, http:\/\/www.tractionavantcie.org\/tractionavant\/wp-content\/uploads\/2024\/10\/affiche-Jean-Sangally-Concert-17-oct-724x1024.jpg 724w, http:\/\/www.tractionavantcie.org\/tractionavant\/wp-content\/uploads\/2024\/10\/affiche-Jean-Sangally-Concert-17-oct-768x1086.jpg 768w, http:\/\/www.tractionavantcie.org\/tractionavant\/wp-content\/uploads\/2024\/10\/affiche-Jean-Sangally-Concert-17-oct.jpg 849w\" sizes=\"(max-width: 331px) 100vw, 331px\" \/><\/a><\/p>\n<hr \/>\n<p style=\"text-align: justify;\"><span style=\"font-family: trebuchet ms, geneva, sans-serif; color: #808080; font-size: 12pt;\">Le 19 septembre avait lieu la signature de la Convention Local d\u2019Application pour la p\u00e9riode 2024-2030 o\u00f9 Traction Avant a eu l\u2019occasion de pr\u00e9senter au cin\u00e9ma G\u00e9rard Philipe de V\u00e9nissieux son \u00e9mission de t\u00e9l\u00e9 \u00e9ph\u00e9m\u00e8re cr\u00e9\u00e9e pour l\u2019occasion sous forme de bande annonce. Nous vous la postons ici :<\/span><\/p>\n<p><a href=\"http:\/\/www.tractionavantcie.org\/tractionavant\/clapital-teaser\/\" target=\"_blank\" rel=\"noopener\"><img loading=\"lazy\" class=\"aligncenter wp-image-3910\" src=\"http:\/\/www.tractionavantcie.org\/tractionavant\/wp-content\/uploads\/2024\/09\/Teaser-titrage-1024x429.jpg\" alt=\"\" width=\"389\" height=\"163\" srcset=\"http:\/\/www.tractionavantcie.org\/tractionavant\/wp-content\/uploads\/2024\/09\/Teaser-titrage-1024x429.jpg 1024w, http:\/\/www.tractionavantcie.org\/tractionavant\/wp-content\/uploads\/2024\/09\/Teaser-titrage-300x126.jpg 300w, http:\/\/www.tractionavantcie.org\/tractionavant\/wp-content\/uploads\/2024\/09\/Teaser-titrage-768x322.jpg 768w, http:\/\/www.tractionavantcie.org\/tractionavant\/wp-content\/uploads\/2024\/09\/Teaser-titrage-1800x754.jpg 1800w, http:\/\/www.tractionavantcie.org\/tractionavant\/wp-content\/uploads\/2024\/09\/Teaser-titrage-1536x644.jpg 1536w, http:\/\/www.tractionavantcie.org\/tractionavant\/wp-content\/uploads\/2024\/09\/Teaser-titrage.jpg 2048w\" sizes=\"(max-width: 389px) 100vw, 389px\" \/><\/a><\/p>\n<hr \/>\n<p style=\"text-align: center;\"><span style=\"font-size: 17pt; color: #000000;\"><strong><span style=\"font-family: trebuchet ms, geneva, sans-serif;\">FORUM DES ASSOCIATIONS<br \/>\n<\/span><\/strong><\/span><\/p>\n<p><a href=\"http:\/\/www.tractionavantcie.org\/tractionavant\/clapital-teaser\/\" target=\"_blank\" rel=\"noopener\"><img loading=\"lazy\" class=\"aligncenter wp-image-3835 \" src=\"http:\/\/www.tractionavantcie.org\/tractionavant\/wp-content\/uploads\/2024\/09\/20240907_102001-1024x576.jpg\" alt=\"\" width=\"389\" height=\"219\" srcset=\"http:\/\/www.tractionavantcie.org\/tractionavant\/wp-content\/uploads\/2024\/09\/20240907_102001-1024x576.jpg 1024w, http:\/\/www.tractionavantcie.org\/tractionavant\/wp-content\/uploads\/2024\/09\/20240907_102001-300x169.jpg 300w, http:\/\/www.tractionavantcie.org\/tractionavant\/wp-content\/uploads\/2024\/09\/20240907_102001-768x432.jpg 768w, http:\/\/www.tractionavantcie.org\/tractionavant\/wp-content\/uploads\/2024\/09\/20240907_102001-1800x1013.jpg 1800w, http:\/\/www.tractionavantcie.org\/tractionavant\/wp-content\/uploads\/2024\/09\/20240907_102001-1536x864.jpg 1536w, http:\/\/www.tractionavantcie.org\/tractionavant\/wp-content\/uploads\/2024\/09\/20240907_102001.jpg 2000w\" sizes=\"(max-width: 389px) 100vw, 389px\" \/><\/a><\/p>\n<p style=\"text-align: justify;\"><span style=\"font-family: trebuchet ms, geneva, sans-serif; color: #808080; font-size: 12pt;\">Le 7 septembre, Traction Avant Compagnie \u00e9tait pr\u00e9sent sur le forum des associations de la ville de V\u00e9nissieux. Cette ann\u00e9e, on innove, notre pr\u00e9sident a propos\u00e9 des s\u00e9ances de portraits minutes afin d\u2019animer cette journ\u00e9e qui marque pour nous, depuis maintenant trois ans, le d\u00e9but de la saison.<\/span><\/p>\n\n\n\t\t<style type='text\/css'>\n\n\t\t\t\/* PhotoSwipe Plugin *\/\n\t\t\t.psgal {\n\t\t\t\tmargin: auto;\n\t\t\t\tpadding-bottom:40px;\n\n\t\t\t\t-webkit-transition: all 0.4s ease;\n\t\t\t\t-moz-transition: all 0.4s ease;\n\t\t\t\t-o-transition: all 0.4s ease;\n\t\t\t\ttransition: all 0.4s ease;\n\n\t\t\t\topacity:0.1;\n\t\t\t\t\n\n\t\t\t}\n\n\t\t\t.psgal.photoswipe_showme{\n\t\t\t\topacity:1;\n\t\t\t}\n\n\t\t\t.psgal figure {\n\t\t\t\tfloat: left;\n\n\t\t\t\t\n\n\t\t\t\ttext-align: center;\n\t\t\t\twidth: 150px;\n\n\t\t\t\tpadding:5px;\n\t\t\t\tmargin: 0px;\n\t\t\t\tbox-sizing:border-box;\n\t\t\t}\n\t\t\t.psgal a{\n\t\t\t\tdisplay:block;\n\t\t\t}\n\n\t\t\t.psgal img {\n\t\t\t\tmargin:auto;\n\t\t\t\tmax-width:100%;\n\t\t\t\twidth: auto;\n\t\t\t\theight: auto;\n\t\t\t\tborder: 0;\n\t\t\t}\n\t\t\t.psgal figure figcaption{\n\t\t\t\tfont-size:13px;\n\t\t\t}\n\n\t\t\t.msnry{\n\t\t\t\tmargin:auto;\n\t\t\t}\n\t\t\t.pswp__caption__center{\n\t\t\t\ttext-align: center;\n\t\t\t}\n\t\t\t\n\t\t<\/style> <div style=\"clear:both\"><\/div>\n\n\t\t<div id=\"psgal_4147_1\" class=\"psgal gallery-columns-5 gallery-size-large\" itemscope itemtype=\"http:\/\/schema.org\/ImageGallery\" >\n\t\t\t\t<figure class=\"msnry_item\" itemscope itemtype=\"http:\/\/schema.org\/ImageObject\">\n\t\t\t\t\t<a href=\"http:\/\/www.tractionavantcie.org\/tractionavant\/wp-content\/uploads\/2020\/04\/20240907_162714.jpg\" itemprop=\"contentUrl\" data-size=\"1338x2000\" data-caption=\"\" >\n\t\t\t\t        <img src=http:\/\/www.tractionavantcie.org\/tractionavant\/wp-content\/uploads\/2020\/04\/20240907_162714-201x300.jpg itemprop=\"thumbnail\" alt=\"\"  \/>\n\t\t\t\t    <\/a>\n\t\t\t\t    <figcaption class=\"photoswipe-gallery-caption\" ><\/figcaption>\n\t\t\t    <\/figure>\n\t\t\t\t\n\t\t\t\t<figure class=\"msnry_item\" itemscope itemtype=\"http:\/\/schema.org\/ImageObject\">\n\t\t\t\t\t<a href=\"http:\/\/www.tractionavantcie.org\/tractionavant\/wp-content\/uploads\/2020\/04\/20240907_160126-1606x2400.jpg\" itemprop=\"contentUrl\" data-size=\"1606x2400\" data-caption=\"\" >\n\t\t\t\t        <img src=http:\/\/www.tractionavantcie.org\/tractionavant\/wp-content\/uploads\/2020\/04\/20240907_160126-201x300.jpg itemprop=\"thumbnail\" alt=\"\"  \/>\n\t\t\t\t    <\/a>\n\t\t\t\t    <figcaption class=\"photoswipe-gallery-caption\" ><\/figcaption>\n\t\t\t    <\/figure>\n\t\t\t\t\n\t\t\t\t<figure class=\"msnry_item\" itemscope itemtype=\"http:\/\/schema.org\/ImageObject\">\n\t\t\t\t\t<a href=\"http:\/\/www.tractionavantcie.org\/tractionavant\/wp-content\/uploads\/2020\/04\/20240907_153852.jpg\" itemprop=\"contentUrl\" data-size=\"1338x2000\" data-caption=\"\" >\n\t\t\t\t        <img src=http:\/\/www.tractionavantcie.org\/tractionavant\/wp-content\/uploads\/2020\/04\/20240907_153852-201x300.jpg itemprop=\"thumbnail\" alt=\"\"  \/>\n\t\t\t\t    <\/a>\n\t\t\t\t    <figcaption class=\"photoswipe-gallery-caption\" ><\/figcaption>\n\t\t\t    <\/figure>\n\t\t\t\t\n\t\t\t\t<figure class=\"msnry_item\" itemscope itemtype=\"http:\/\/schema.org\/ImageObject\">\n\t\t\t\t\t<a href=\"http:\/\/www.tractionavantcie.org\/tractionavant\/wp-content\/uploads\/2020\/04\/20240907_151858.jpg\" itemprop=\"contentUrl\" data-size=\"1338x2000\" data-caption=\"\" >\n\t\t\t\t        <img src=http:\/\/www.tractionavantcie.org\/tractionavant\/wp-content\/uploads\/2020\/04\/20240907_151858-201x300.jpg itemprop=\"thumbnail\" alt=\"\"  \/>\n\t\t\t\t    <\/a>\n\t\t\t\t    <figcaption class=\"photoswipe-gallery-caption\" ><\/figcaption>\n\t\t\t    <\/figure>\n\t\t\t\t\n\t\t\t\t<figure class=\"msnry_item\" itemscope itemtype=\"http:\/\/schema.org\/ImageObject\">\n\t\t\t\t\t<a href=\"http:\/\/www.tractionavantcie.org\/tractionavant\/wp-content\/uploads\/2020\/04\/20240907_150341.jpg\" itemprop=\"contentUrl\" data-size=\"1338x2000\" data-caption=\"\" >\n\t\t\t\t        <img src=http:\/\/www.tractionavantcie.org\/tractionavant\/wp-content\/uploads\/2020\/04\/20240907_150341-201x300.jpg itemprop=\"thumbnail\" alt=\"\"  \/>\n\t\t\t\t    <\/a>\n\t\t\t\t    <figcaption class=\"photoswipe-gallery-caption\" ><\/figcaption>\n\t\t\t    <\/figure>\n\t\t\t\t\n\t\t\t\t<figure class=\"msnry_item\" itemscope itemtype=\"http:\/\/schema.org\/ImageObject\">\n\t\t\t\t\t<a href=\"http:\/\/www.tractionavantcie.org\/tractionavant\/wp-content\/uploads\/2020\/04\/20240907_143343.jpg\" itemprop=\"contentUrl\" data-size=\"1338x2000\" data-caption=\"\" >\n\t\t\t\t        <img src=http:\/\/www.tractionavantcie.org\/tractionavant\/wp-content\/uploads\/2020\/04\/20240907_143343-201x300.jpg itemprop=\"thumbnail\" alt=\"\"  \/>\n\t\t\t\t    <\/a>\n\t\t\t\t    <figcaption class=\"photoswipe-gallery-caption\" ><\/figcaption>\n\t\t\t    <\/figure>\n\t\t\t\t\n\t\t\t\t<figure class=\"msnry_item\" itemscope itemtype=\"http:\/\/schema.org\/ImageObject\">\n\t\t\t\t\t<a href=\"http:\/\/www.tractionavantcie.org\/tractionavant\/wp-content\/uploads\/2020\/04\/20240907_141113.jpg\" itemprop=\"contentUrl\" data-size=\"1338x2000\" data-caption=\"\" >\n\t\t\t\t        <img src=http:\/\/www.tractionavantcie.org\/tractionavant\/wp-content\/uploads\/2020\/04\/20240907_141113-201x300.jpg itemprop=\"thumbnail\" alt=\"\"  \/>\n\t\t\t\t    <\/a>\n\t\t\t\t    <figcaption class=\"photoswipe-gallery-caption\" ><\/figcaption>\n\t\t\t    <\/figure>\n\t\t\t\t\n\t\t\t\t<figure class=\"msnry_item\" itemscope itemtype=\"http:\/\/schema.org\/ImageObject\">\n\t\t\t\t\t<a href=\"http:\/\/www.tractionavantcie.org\/tractionavant\/wp-content\/uploads\/2020\/04\/20240907_135020.jpg\" itemprop=\"contentUrl\" data-size=\"1338x2000\" data-caption=\"\" >\n\t\t\t\t        <img src=http:\/\/www.tractionavantcie.org\/tractionavant\/wp-content\/uploads\/2020\/04\/20240907_135020-201x300.jpg itemprop=\"thumbnail\" alt=\"\"  \/>\n\t\t\t\t    <\/a>\n\t\t\t\t    <figcaption class=\"photoswipe-gallery-caption\" ><\/figcaption>\n\t\t\t    <\/figure>\n\t\t\t\t\n\t\t\t\t<figure class=\"msnry_item\" itemscope itemtype=\"http:\/\/schema.org\/ImageObject\">\n\t\t\t\t\t<a href=\"http:\/\/www.tractionavantcie.org\/tractionavant\/wp-content\/uploads\/2020\/04\/20240907_123818-1606x2400.jpg\" itemprop=\"contentUrl\" data-size=\"1606x2400\" data-caption=\"\" >\n\t\t\t\t        <img src=http:\/\/www.tractionavantcie.org\/tractionavant\/wp-content\/uploads\/2020\/04\/20240907_123818-201x300.jpg itemprop=\"thumbnail\" alt=\"\"  \/>\n\t\t\t\t    <\/a>\n\t\t\t\t    <figcaption class=\"photoswipe-gallery-caption\" ><\/figcaption>\n\t\t\t    <\/figure>\n\t\t\t\t\n\t\t\t\t<figure class=\"msnry_item\" itemscope itemtype=\"http:\/\/schema.org\/ImageObject\">\n\t\t\t\t\t<a href=\"http:\/\/www.tractionavantcie.org\/tractionavant\/wp-content\/uploads\/2020\/04\/20240907_122158.jpg\" itemprop=\"contentUrl\" data-size=\"1338x2000\" data-caption=\"\" >\n\t\t\t\t        <img src=http:\/\/www.tractionavantcie.org\/tractionavant\/wp-content\/uploads\/2020\/04\/20240907_122158-201x300.jpg itemprop=\"thumbnail\" alt=\"\"  \/>\n\t\t\t\t    <\/a>\n\t\t\t\t    <figcaption class=\"photoswipe-gallery-caption\" ><\/figcaption>\n\t\t\t    <\/figure>\n\t\t\t\t\n\t\t\t\t<figure class=\"msnry_item\" itemscope itemtype=\"http:\/\/schema.org\/ImageObject\">\n\t\t\t\t\t<a href=\"http:\/\/www.tractionavantcie.org\/tractionavant\/wp-content\/uploads\/2020\/04\/20240907_120546.jpg\" itemprop=\"contentUrl\" data-size=\"1338x2000\" data-caption=\"\" >\n\t\t\t\t        <img src=http:\/\/www.tractionavantcie.org\/tractionavant\/wp-content\/uploads\/2020\/04\/20240907_120546-201x300.jpg itemprop=\"thumbnail\" alt=\"\"  \/>\n\t\t\t\t    <\/a>\n\t\t\t\t    <figcaption class=\"photoswipe-gallery-caption\" ><\/figcaption>\n\t\t\t    <\/figure>\n\t\t\t\t\n\t\t\t\t<figure class=\"msnry_item\" itemscope itemtype=\"http:\/\/schema.org\/ImageObject\">\n\t\t\t\t\t<a href=\"http:\/\/www.tractionavantcie.org\/tractionavant\/wp-content\/uploads\/2020\/04\/20240907_114517.jpg\" itemprop=\"contentUrl\" data-size=\"1338x2000\" data-caption=\"\" >\n\t\t\t\t        <img src=http:\/\/www.tractionavantcie.org\/tractionavant\/wp-content\/uploads\/2020\/04\/20240907_114517-201x300.jpg itemprop=\"thumbnail\" alt=\"\"  \/>\n\t\t\t\t    <\/a>\n\t\t\t\t    <figcaption class=\"photoswipe-gallery-caption\" ><\/figcaption>\n\t\t\t    <\/figure>\n\t\t\t\t\n\t\t\t\t<figure class=\"msnry_item\" itemscope itemtype=\"http:\/\/schema.org\/ImageObject\">\n\t\t\t\t\t<a href=\"http:\/\/www.tractionavantcie.org\/tractionavant\/wp-content\/uploads\/2020\/04\/20240907_112338.jpg\" itemprop=\"contentUrl\" data-size=\"1338x2000\" data-caption=\"\" >\n\t\t\t\t        <img src=http:\/\/www.tractionavantcie.org\/tractionavant\/wp-content\/uploads\/2020\/04\/20240907_112338-201x300.jpg itemprop=\"thumbnail\" alt=\"\"  \/>\n\t\t\t\t    <\/a>\n\t\t\t\t    <figcaption class=\"photoswipe-gallery-caption\" ><\/figcaption>\n\t\t\t    <\/figure>\n\t\t\t\t\n\t\t\t\t<figure class=\"msnry_item\" itemscope itemtype=\"http:\/\/schema.org\/ImageObject\">\n\t\t\t\t\t<a href=\"http:\/\/www.tractionavantcie.org\/tractionavant\/wp-content\/uploads\/2020\/04\/20240907_110400.jpg\" itemprop=\"contentUrl\" data-size=\"1338x2000\" data-caption=\"\" >\n\t\t\t\t        <img src=http:\/\/www.tractionavantcie.org\/tractionavant\/wp-content\/uploads\/2020\/04\/20240907_110400-201x300.jpg itemprop=\"thumbnail\" alt=\"\"  \/>\n\t\t\t\t    <\/a>\n\t\t\t\t    <figcaption class=\"photoswipe-gallery-caption\" ><\/figcaption>\n\t\t\t    <\/figure>\n\t\t\t\t\n\t\t\t\t<figure class=\"msnry_item\" itemscope itemtype=\"http:\/\/schema.org\/ImageObject\">\n\t\t\t\t\t<a href=\"http:\/\/www.tractionavantcie.org\/tractionavant\/wp-content\/uploads\/2020\/04\/20240907_104133-1606x2400.jpg\" itemprop=\"contentUrl\" data-size=\"1606x2400\" data-caption=\"\" >\n\t\t\t\t        <img src=http:\/\/www.tractionavantcie.org\/tractionavant\/wp-content\/uploads\/2020\/04\/20240907_104133-201x300.jpg itemprop=\"thumbnail\" alt=\"\"  \/>\n\t\t\t\t    <\/a>\n\t\t\t\t    <figcaption class=\"photoswipe-gallery-caption\" ><\/figcaption>\n\t\t\t    <\/figure>\n\t\t\t\t\n\t\t\t\t<figure class=\"msnry_item\" itemscope itemtype=\"http:\/\/schema.org\/ImageObject\">\n\t\t\t\t\t<a href=\"http:\/\/www.tractionavantcie.org\/tractionavant\/wp-content\/uploads\/2020\/04\/20240907_101851-1606x2400.jpg\" itemprop=\"contentUrl\" data-size=\"1606x2400\" data-caption=\"\" >\n\t\t\t\t        <img src=http:\/\/www.tractionavantcie.org\/tractionavant\/wp-content\/uploads\/2020\/04\/20240907_101851-201x300.jpg itemprop=\"thumbnail\" alt=\"\"  \/>\n\t\t\t\t    <\/a>\n\t\t\t\t    <figcaption class=\"photoswipe-gallery-caption\" ><\/figcaption>\n\t\t\t    <\/figure>\n\t\t\t\t\n\t\t\t\t<figure class=\"msnry_item\" itemscope itemtype=\"http:\/\/schema.org\/ImageObject\">\n\t\t\t\t\t<a href=\"http:\/\/www.tractionavantcie.org\/tractionavant\/wp-content\/uploads\/2020\/04\/20240907_100532-1606x2400.jpg\" itemprop=\"contentUrl\" data-size=\"1606x2400\" data-caption=\"\" >\n\t\t\t\t        <img src=http:\/\/www.tractionavantcie.org\/tractionavant\/wp-content\/uploads\/2020\/04\/20240907_100532-201x300.jpg itemprop=\"thumbnail\" alt=\"\"  \/>\n\t\t\t\t    <\/a>\n\t\t\t\t    <figcaption class=\"photoswipe-gallery-caption\" ><\/figcaption>\n\t\t\t    <\/figure>\n\t\t\t\t\n\t\t\t\t<figure class=\"msnry_item\" itemscope itemtype=\"http:\/\/schema.org\/ImageObject\">\n\t\t\t\t\t<a href=\"http:\/\/www.tractionavantcie.org\/tractionavant\/wp-content\/uploads\/2020\/04\/20240907_095008-1606x2400.jpg\" itemprop=\"contentUrl\" data-size=\"1606x2400\" data-caption=\"\" >\n\t\t\t\t        <img src=http:\/\/www.tractionavantcie.org\/tractionavant\/wp-content\/uploads\/2020\/04\/20240907_095008-201x300.jpg itemprop=\"thumbnail\" alt=\"\"  \/>\n\t\t\t\t    <\/a>\n\t\t\t\t    <figcaption class=\"photoswipe-gallery-caption\" ><\/figcaption>\n\t\t\t    <\/figure>\n\t\t\t\t\n\t\t\t\t<figure class=\"msnry_item\" itemscope itemtype=\"http:\/\/schema.org\/ImageObject\">\n\t\t\t\t\t<a href=\"http:\/\/www.tractionavantcie.org\/tractionavant\/wp-content\/uploads\/2020\/04\/20240907_094956-1606x2400.jpg\" itemprop=\"contentUrl\" data-size=\"1606x2400\" data-caption=\"\" >\n\t\t\t\t        <img src=http:\/\/www.tractionavantcie.org\/tractionavant\/wp-content\/uploads\/2020\/04\/20240907_094956-201x300.jpg itemprop=\"thumbnail\" alt=\"\"  \/>\n\t\t\t\t    <\/a>\n\t\t\t\t    <figcaption class=\"photoswipe-gallery-caption\" ><\/figcaption>\n\t\t\t    <\/figure>\n\t\t\t\t<\/div>\n\n\t\t<div style='clear:both'><\/div>\n\n\t\t<script type='text\/javascript'>\n\n\t\t\tvar container_4147_1 = document.querySelector('#psgal_4147_1');\n\t\t\tvar msnry;\n\n\t\t\t\/\/ initialize  after all images have loaded\n\t\t\timagesLoaded( container_4147_1, function() {\n\n\t\t\t\t\n\n\t\t\t\t\t\t\/\/ initialize Masonry after all images have loaded\n\t\t\t\t\t\tnew Masonry( container_4147_1, {\n\t\t\t\t\t\t  \/\/ options...\n\t\t\t\t\t\t  itemSelector: '.msnry_item',\n\t\t\t\t\t\t  \/\/columnWidth: 150,\n\t\t\t\t\t\t  isFitWidth: true\n\t\t\t\t\t\t});\n\n\t\t\t\t\t\t(container_4147_1).className += ' photoswipe_showme';\n\n\t\t\t\t\t\t\n\n\t\t\t});\n\n\n\t\t<\/script>\n\n\t\n<hr \/>\n<p style=\"text-align: center;\"><img loading=\"lazy\" class=\"aligncenter size-full wp-image-3344\" style=\"margin-bottom: 0; padding-bottom: 0;\" src=\"http:\/\/www.tractionavantcie.org\/tractionavant\/wp-content\/uploads\/2023\/03\/image1.jpg\" alt=\"\" width=\"140\" height=\"105\" \/><span style=\"font-family: trebuchet ms, geneva, sans-serif; color: #808080; font-size: 10pt;\">13 avenue Marcel Paul 69200 V\u00e9nissieux<br \/>\n<\/span><span style=\"font-family: trebuchet ms, geneva, sans-serif; color: #808080; font-size: 10pt;\">T\u00e9l : 04 72 90 11 84<\/span><br \/>\n<span style=\"font-family: trebuchet ms, geneva, sans-serif; color: #808080; font-size: 10pt;\"><a href=\"mailto:traction.avant@wanadoo.fr\" target=\"_blank\" rel=\"noopener\">traction.avant@wanadoo.fr<\/a> | <a href=\"http:\/\/www.tractionavantcie.org\">www.tractionavantcie.org<\/a><br \/>\n<\/span><span style=\"font-family: trebuchet ms, geneva, sans-serif; color: #808080; font-size: 10pt;\">Licences d\u2019entrepreneur du spectacle : L-R-20-5245 | L-R-20-5247<\/span><br \/>\n<span style=\"font-family: trebuchet ms, geneva, sans-serif; color: #808080; font-size: 10pt;\">\u00a0<\/span><br \/>\n<span style=\"font-family: trebuchet ms, geneva, sans-serif; color: #808080; font-size: 10pt;\">\u00a0 \u00a0 <span class=\"x_x_x_x_x_x_ContentPasted13\"><span class=\"x_x_x_x_x_x_ContentPasted19 x_x_x_x_x_x_ContentPasted22\"><a href=\"http:\/\/www.tractionavantcie.org\/tractionavant\/wp-content\/uploads\/2023\/03\/logo-facebook.png\"> \u00a0<\/a><a href=\"https:\/\/fr-fr.facebook.com\/TractionAvantCompagnie\" target=\"_blank\" rel=\"noopener\"><img loading=\"lazy\" class=\"alignnone wp-image-3345 size-full\" src=\"http:\/\/www.tractionavantcie.org\/tractionavant\/wp-content\/uploads\/2023\/03\/logo-facebook.png\" alt=\"\" width=\"50\" height=\"50\" \/> \u00a0<\/a><a href=\"https:\/\/www.youtube.com\/@tractionavantcie8533\/playlists\" target=\"_blank\" rel=\"noopener\"><img loading=\"lazy\" class=\"alignnone wp-image-3346 size-full\" src=\"http:\/\/www.tractionavantcie.org\/tractionavant\/wp-content\/uploads\/2023\/03\/YouTube.jpg\" alt=\"\" width=\"50\" height=\"50\" \/><\/a><a id=\"LPlnk671796\" title=\"https:\/\/fr-fr.facebook.com\/TractionAvantCompagnie\" href=\"https:\/\/fr-fr.facebook.com\/TractionAvantCompagnie\" target=\"_blank\" rel=\"noopener noreferrer\" data-auth=\"NotApplicable\" data-linkindex=\"4\"><\/a><br \/>\n<\/span><\/span><\/span><span style=\"font-family: trebuchet ms, geneva, sans-serif; color: #808080; font-size: 10pt;\">\u00a0Pour adh\u00e9rer :<\/span><span style=\"font-family: trebuchet ms, geneva, sans-serif; color: #808080; font-size: 10pt;\"><a href=\"https:\/\/www.helloasso.com\/associations\/traction-avant-cie\/adhesions\/adhesion-2021-2022-3\"><img loading=\"lazy\" class=\"aligncenter wp-image-3347\" src=\"http:\/\/www.tractionavantcie.org\/tractionavant\/wp-content\/uploads\/2023\/03\/logo-helloasso.png\" alt=\"\" width=\"136\" height=\"28\" \/><\/a><\/span><span style=\"font-family: trebuchet ms, geneva, sans-serif; color: #808080; font-size: 10pt;\">Pour vous d\u00e9sinscrire de la liste de diffusion, <a href=\"http:\/\/www.tractionavantcie.org\/tractionavant\/desinscription-newsletter\/\" target=\"_blank\" rel=\"noopener\">suivez ce lien<\/a><\/span><\/p>\n<\/div>\n<\/div>\n","protected":false},"excerpt":{"rendered":"<p>Dans le cadre de notre webs\u00e9rie LA BALLADE DES GENS QUI SONT N\u00c9S QUELQUE PART (encore visible sur notre site et autres plateformes bien connues de streaming !) nous avions eu le bonheur de collaborer avec Jean Sangally qui, non seulement a sign\u00e9 notre bande originale avec ses superbes reprises de Georges Brassens, mais nous &hellip; <a href=\"http:\/\/www.tractionavantcie.org\/tractionavant\/infolettre-annee-2024\/\" class=\"more-link\">Continuer la lecture de <span class=\"screen-reader-text\">Infolettre \u2013 Ann\u00e9e 2024<\/span><\/a><\/p>\n","protected":false},"author":1,"featured_media":0,"parent":0,"menu_order":0,"comment_status":"closed","ping_status":"closed","template":"page-blanc.php","meta":[],"_links":{"self":[{"href":"http:\/\/www.tractionavantcie.org\/tractionavant\/wp-json\/wp\/v2\/pages\/4147"}],"collection":[{"href":"http:\/\/www.tractionavantcie.org\/tractionavant\/wp-json\/wp\/v2\/pages"}],"about":[{"href":"http:\/\/www.tractionavantcie.org\/tractionavant\/wp-json\/wp\/v2\/types\/page"}],"author":[{"embeddable":true,"href":"http:\/\/www.tractionavantcie.org\/tractionavant\/wp-json\/wp\/v2\/users\/1"}],"replies":[{"embeddable":true,"href":"http:\/\/www.tractionavantcie.org\/tractionavant\/wp-json\/wp\/v2\/comments?post=4147"}],"version-history":[{"count":4,"href":"http:\/\/www.tractionavantcie.org\/tractionavant\/wp-json\/wp\/v2\/pages\/4147\/revisions"}],"predecessor-version":[{"id":4153,"href":"http:\/\/www.tractionavantcie.org\/tractionavant\/wp-json\/wp\/v2\/pages\/4147\/revisions\/4153"}],"wp:attachment":[{"href":"http:\/\/www.tractionavantcie.org\/tractionavant\/wp-json\/wp\/v2\/media?parent=4147"}],"curies":[{"name":"wp","href":"https:\/\/api.w.org\/{rel}","templated":true}]}}