{"id":549,"date":"2019-05-02T10:20:53","date_gmt":"2019-05-02T08:20:53","guid":{"rendered":"http:\/\/www.tractionavantcie.org\/tractionavant\/?page_id=549"},"modified":"2025-10-10T10:21:58","modified_gmt":"2025-10-10T08:21:58","slug":"spectacles","status":"publish","type":"page","link":"http:\/\/www.tractionavantcie.org\/tractionavant\/spectacles\/","title":{"rendered":"Spectacles"},"content":{"rendered":"<hr \/>\n<p>Toutes nos cr\u00e9ations ont une version techniquement autonome.<\/p>\n<p><a href=\"http:\/\/www.tractionavantcie.org\/tractionavant\/calendrier\/\"><span style=\"text-decoration: underline;\"><span style=\"color: #a80804; font-size: 14pt;\"><strong>&gt; Calendrier<\/strong><\/span><\/span><\/a><\/p>\n<hr \/>\n<div class=\"spectacles\" style=\"margin: auto; text-align: center; width: 100%; padding-top: 20px;\">\n<div style=\"position: relative; display: inline-block; margin: 10px; vertical-align: top;\">\n<div style=\"height: 200px; margin-bottom: 10px;\"><a href=\"http:\/\/www.tractionavantcie.org\/tractionavant\/la-petite-fille-sous-la-riviere\/\"><img loading=\"lazy\" src=\"http:\/\/www.tractionavantcie.org\/images\/la-petite-fille-sous-la-riviere-2-vign.jpg\" width=\"141\" height=\"200\" border=\"0\" \/><\/a><\/div>\n<div style=\"line-height: 1em;\"><a href=\"http:\/\/www.tractionavantcie.org\/tractionavant\/la-petite-fille-sous-la-riviere\/\"><strong>La petite fille<\/strong><\/a><\/div>\n<div style=\"line-height: 1em;\"><a href=\"http:\/\/www.tractionavantcie.org\/tractionavant\/la-petite-fille-sous-la-riviere\/\"><strong>sous la rivi\u00e8re<\/strong><\/a><\/div>\n<div style=\"font-size: 16px;\">(Th\u00e9\u00e2tre \/ Danse)<\/div>\n<\/div>\n<div style=\"position: relative; display: inline-block; margin: 10px;\">\n<div style=\"height: 200px; margin-bottom: 10px;\"><a href=\"http:\/\/www.tractionavantcie.org\/tractionavant\/les-laiculteurs\/\"><img loading=\"lazy\" src=\"http:\/\/www.tractionavantcie.org\/images\/laiculteurs-vign.jpg\" width=\"141\" height=\"200\" border=\"0\" \/><\/a><\/div>\n<div><a href=\"http:\/\/www.tractionavantcie.org\/tractionavant\/les-laiculteurs\/\"><strong>Les La\u00efculteurs<\/strong><\/a><\/div>\n<div style=\"font-size: 16px;\">(Th\u00e9\u00e2tre)<\/div>\n<\/div>\n<\/div>\n<hr \/>\n<div class=\"spectacles\" style=\"margin: auto; text-align: center; width: 100%; padding-top: 20px;\">\n<div style=\"position: relative; display: inline-block; margin: 10px; vertical-align: top;\">\n<div style=\"height: 200px; margin-bottom: 10px;\"><a href=\"http:\/\/www.tractionavantcie.org\/tractionavant\/lecture-spectacle\/\"><img loading=\"lazy\" class=\"aligncenter\" src=\"http:\/\/www.tractionavantcie.org\/images\/lecture-spectacle-vign.jpg\" width=\"141\" height=\"200\" border=\"0\" \/><\/a><\/div>\n<div style=\"line-height: 1em;\"><a href=\"http:\/\/www.tractionavantcie.org\/tractionavant\/lecture-spectacle\/\"><strong>Lectures \/ Spectacles<\/strong><\/a><\/div>\n<\/div>\n<\/div>\n","protected":false},"excerpt":{"rendered":"<p>Toutes nos cr\u00e9ations ont une version techniquement autonome. &gt; Calendrier La petite fille sous la rivi\u00e8re (Th\u00e9\u00e2tre \/ Danse) Les La\u00efculteurs (Th\u00e9\u00e2tre) Lectures \/ Spectacles<\/p>\n","protected":false},"author":1,"featured_media":0,"parent":0,"menu_order":0,"comment_status":"closed","ping_status":"closed","template":"page-spectacle.php","meta":[],"_links":{"self":[{"href":"http:\/\/www.tractionavantcie.org\/tractionavant\/wp-json\/wp\/v2\/pages\/549"}],"collection":[{"href":"http:\/\/www.tractionavantcie.org\/tractionavant\/wp-json\/wp\/v2\/pages"}],"about":[{"href":"http:\/\/www.tractionavantcie.org\/tractionavant\/wp-json\/wp\/v2\/types\/page"}],"author":[{"embeddable":true,"href":"http:\/\/www.tractionavantcie.org\/tractionavant\/wp-json\/wp\/v2\/users\/1"}],"replies":[{"embeddable":true,"href":"http:\/\/www.tractionavantcie.org\/tractionavant\/wp-json\/wp\/v2\/comments?post=549"}],"version-history":[{"count":38,"href":"http:\/\/www.tractionavantcie.org\/tractionavant\/wp-json\/wp\/v2\/pages\/549\/revisions"}],"predecessor-version":[{"id":4203,"href":"http:\/\/www.tractionavantcie.org\/tractionavant\/wp-json\/wp\/v2\/pages\/549\/revisions\/4203"}],"wp:attachment":[{"href":"http:\/\/www.tractionavantcie.org\/tractionavant\/wp-json\/wp\/v2\/media?parent=549"}],"curies":[{"name":"wp","href":"https:\/\/api.w.org\/{rel}","templated":true}]}}