{"id":591,"date":"2019-05-09T15:59:27","date_gmt":"2019-05-09T13:59:27","guid":{"rendered":"http:\/\/www.tractionavantcie.org\/tractionavant\/?page_id=591"},"modified":"2022-10-10T11:40:57","modified_gmt":"2022-10-10T09:40:57","slug":"lecture-spectacle","status":"publish","type":"page","link":"http:\/\/www.tractionavantcie.org\/tractionavant\/lecture-spectacle\/","title":{"rendered":"Lectures-spectacles"},"content":{"rendered":"<hr \/>\n<div id=\"lecture\" style=\"padding: 0px 0 20px 0; font-weight: bold;\">LECTURES-SPECTACLES<\/div>\n<p>Qu\u2019est-ce qu\u2019une lecture-spectacle pour nous ?<\/p>\n<div>C\u2019est une plong\u00e9e dans l\u2019univers litt\u00e9raire de diff\u00e9rent\u00b7e\u00b7s\u00a0auteur\u00b7ice\u00b7s, \u00e0 travers un montage de textes mis en espace et interpr\u00e9t\u00e9s par des com\u00e9dien\u00b7ne\u00b7s.<\/div>\n<div>Cette forme l\u00e9g\u00e8re, qui recourt \u00e0 quelques accessoires, musiques, \u00e9l\u00e9ments de d\u00e9cor ou de costumes, permet de donner vie \u00e0 des textes non th\u00e9\u00e2traux. Notre ambition est, au-del\u00e0 du plaisir du spectacle, d\u2019inciter les spectateur\u00b7ice\u00b7s \u00e0 d\u00e9couvrir davantage les auteur\u00b7ice\u00b7s\u00a0que les com\u00e9dien\u00b7ne\u00b7s, textes en main, d\u00e9fendent devant eux.<\/div>\n<div><\/div>\n<div>\u00c0 qui s\u2019adressent nos lectures-spectacles ? \u00c0 tou\u00b7te\u00b7s, adolescent\u00b7e\u00b7s et adultes, th\u00e9\u00e2tres, m\u00e9diath\u00e8ques, mus\u00e9es, \u00e9tablissements scolaires et autres lieux \u00e0 inventer.<\/div>\n<div><a href=\"http:\/\/www.tractionavantcie.org\/pdf\/dossier_lectures-spectacles.pdf\" target=\"_blank\" rel=\"noopener noreferrer\"><strong>&gt; Dossier pdf<\/strong><\/a><\/div>\n<div class=\"spectacles\" style=\"margin: auto; text-align: center; width: 100%; padding-top: 20px;\">\n<div style=\"position: relative; display: inline-block; margin: 10px; vertical-align: top;\">\n<div style=\"height: 200px; margin-bottom: 10px;\"><a href=\"http:\/\/www.tractionavantcie.org\/tractionavant\/nos-coeurs-adolescents\/\" data-size=\"177x250\"><img loading=\"lazy\" class=\"alignnone wp-image-2981\" src=\"http:\/\/www.tractionavantcie.org\/tractionavant\/wp-content\/uploads\/2022\/10\/nos-coeurs-adolescents-vign.jpg\" alt=\"\" width=\"142\" height=\"200\" \/><\/a><\/div>\n<div style=\"line-height: 1em;\"><a href=\"http:\/\/www.tractionavantcie.org\/tractionavant\/nos-coeurs-adolescents\/\"><strong>Nos c\u0153urs<br \/>\nadolescents<\/strong><\/a><\/div>\n<\/div>\n<div style=\"position: relative; display: inline-block; margin: 10px; vertical-align: top;\">\n<div style=\"height: 200px; margin-bottom: 10px;\"><a href=\"http:\/\/www.tractionavantcie.org\/tractionavant\/nos-futurs\/\"><img loading=\"lazy\" src=\"http:\/\/www.tractionavantcie.org\/images\/nos-futures-vign.jpg\" width=\"141\" height=\"200\" border=\"0\" \/><\/a><\/div>\n<div style=\"line-height: 1em;\"><a href=\"http:\/\/www.tractionavantcie.org\/tractionavant\/nos-futurs\/\"><strong>No(s) Futur<del>e<\/del>(s)<\/strong><\/a><\/div>\n<\/div>\n<div style=\"position: relative; display: inline-block; margin: 10px; vertical-align: top;\">\n<div style=\"height: 200px; margin-bottom: 10px;\"><a href=\"http:\/\/www.tractionavantcie.org\/tractionavant\/prends-soin-de-toi-ou-pas\/\"><img loading=\"lazy\" src=\"http:\/\/www.tractionavantcie.org\/images\/prends-soin-de-toi-vign.jpg\" width=\"141\" height=\"200\" border=\"0\" \/><\/a><\/div>\n<div style=\"line-height: 1em;\"><a href=\"http:\/\/www.tractionavantcie.org\/tractionavant\/prends-soin-de-toi-ou-pas\/\"><strong>Prends soin<br \/>\nde toi !<br \/>\n(ou pas)<\/strong><\/a><\/div>\n<\/div>\n<div style=\"position: relative; display: inline-block; margin: 10px; vertical-align: top;\">\n<div style=\"height: 200px; margin-bottom: 10px;\"><a href=\"http:\/\/www.tractionavantcie.org\/tractionavant\/changer-tout\/\"><img loading=\"lazy\" src=\"http:\/\/www.tractionavantcie.org\/images\/changer-tout-vign.jpg\" width=\"141\" height=\"200\" border=\"0\" \/><\/a><\/div>\n<div style=\"line-height: 1em;\"><a href=\"http:\/\/www.tractionavantcie.org\/tractionavant\/changer-tout\/\"><strong>Changer tout ?<\/strong><\/a><\/div>\n<\/div>\n<div style=\"position: relative; display: inline-block; margin: 10px; vertical-align: top;\">\n<div style=\"height: 200px; margin-bottom: 10px;\"><a href=\"http:\/\/www.tractionavantcie.org\/tractionavant\/les-deux-moities-du-ciel\/\"><img loading=\"lazy\" style=\"margin-right: auto; margin-left: auto;\" src=\"http:\/\/www.tractionavantcie.org\/images\/les-deux-moities-vign.jpg\" width=\"141\" height=\"200\" border=\"0\" \/><\/a><\/div>\n<div style=\"line-height: 1em;\"><a href=\"http:\/\/www.tractionavantcie.org\/tractionavant\/les-deux-moities-du-ciel\/\"><strong>Les deux moiti\u00e9s<br \/>\ndu ciel<\/strong><\/a><\/div>\n<\/div>\n<div style=\"position: relative; display: inline-block; margin: 10px; vertical-align: top;\">\n<div style=\"height: 200px; margin-bottom: 10px;\"><a href=\"http:\/\/www.tractionavantcie.org\/tractionavant\/picsou-cresus-kerviel-et-les-autres\/\"><img loading=\"lazy\" src=\"http:\/\/www.tractionavantcie.org\/images\/picsou-kerviel-autres-vign.jpg\" width=\"141\" height=\"200\" border=\"0\" \/><\/a><\/div>\n<div style=\"line-height: 1em;\"><a href=\"http:\/\/www.tractionavantcie.org\/tractionavant\/picsou-cresus-kerviel-et-les-autres\/\"><strong>Picsou, Cr\u00e9sus,<br \/>\nKerviel et les<br \/>\nautres<\/strong><\/a><\/div>\n<\/div>\n<div style=\"position: relative; display: inline-block; margin: 10px; vertical-align: top;\">\n<div style=\"height: 200px; margin-bottom: 10px;\"><a href=\"http:\/\/www.tractionavantcie.org\/tractionavant\/je-suis-gay-cest-toujours-mieux-que-detre-triste\/\"><img loading=\"lazy\" src=\"http:\/\/www.tractionavantcie.org\/images\/je-suis-gay-vign.jpg\" width=\"141\" height=\"200\" border=\"0\" \/><\/a><\/div>\n<div style=\"line-height: 1em;\"><a href=\"http:\/\/www.tractionavantcie.org\/tractionavant\/je-suis-gay-cest-toujours-mieux-que-detre-triste\/\"><strong>Je suis gay,<br \/>\nc&#8217;est toujours<br \/>\nmieux que<br \/>\nd&#8217;\u00eatre triste<\/strong><\/a><\/div>\n<\/div>\n<div style=\"position: relative; display: inline-block; margin: 10px; vertical-align: top;\">\n<div style=\"height: 200px; margin-bottom: 10px;\"><a href=\"http:\/\/www.tractionavantcie.org\/tractionavant\/bienheureux-les-feles-car-ils-laissent-passer-la-lumiere\/\"><img loading=\"lazy\" style=\"margin-right: auto; margin-left: auto;\" src=\"http:\/\/www.tractionavantcie.org\/images\/bienheureux-feles-vign.jpg\" width=\"141\" height=\"200\" border=\"0\" \/><\/a><\/div>\n<div style=\"line-height: 1em;\"><a href=\"http:\/\/www.tractionavantcie.org\/tractionavant\/bienheureux-les-feles-car-ils-laissent-passer-la-lumiere\/\"><strong>Bienheureux les<br \/>\nf\u00eal\u00e9s, car ils<br \/>\nlaissent passer<br \/>\nla lumi\u00e8re !<\/strong><\/a><\/div>\n<\/div>\n<\/div>\n","protected":false},"excerpt":{"rendered":"<p>LECTURES-SPECTACLES Qu\u2019est-ce qu\u2019une lecture-spectacle pour nous ? C\u2019est une plong\u00e9e dans l\u2019univers litt\u00e9raire de diff\u00e9rent\u00b7e\u00b7s\u00a0auteur\u00b7ice\u00b7s, \u00e0 travers un montage de textes mis en espace et interpr\u00e9t\u00e9s par des com\u00e9dien\u00b7ne\u00b7s. Cette forme l\u00e9g\u00e8re, qui recourt \u00e0 quelques accessoires, musiques, \u00e9l\u00e9ments de d\u00e9cor ou de costumes, permet de donner vie \u00e0 des textes non th\u00e9\u00e2traux. Notre ambition &hellip; <a href=\"http:\/\/www.tractionavantcie.org\/tractionavant\/lecture-spectacle\/\" class=\"more-link\">Continuer la lecture de <span class=\"screen-reader-text\">Lectures-spectacles<\/span><\/a><\/p>\n","protected":false},"author":1,"featured_media":0,"parent":0,"menu_order":0,"comment_status":"closed","ping_status":"closed","template":"page-spectacle.php","meta":[],"_links":{"self":[{"href":"http:\/\/www.tractionavantcie.org\/tractionavant\/wp-json\/wp\/v2\/pages\/591"}],"collection":[{"href":"http:\/\/www.tractionavantcie.org\/tractionavant\/wp-json\/wp\/v2\/pages"}],"about":[{"href":"http:\/\/www.tractionavantcie.org\/tractionavant\/wp-json\/wp\/v2\/types\/page"}],"author":[{"embeddable":true,"href":"http:\/\/www.tractionavantcie.org\/tractionavant\/wp-json\/wp\/v2\/users\/1"}],"replies":[{"embeddable":true,"href":"http:\/\/www.tractionavantcie.org\/tractionavant\/wp-json\/wp\/v2\/comments?post=591"}],"version-history":[{"count":22,"href":"http:\/\/www.tractionavantcie.org\/tractionavant\/wp-json\/wp\/v2\/pages\/591\/revisions"}],"predecessor-version":[{"id":2988,"href":"http:\/\/www.tractionavantcie.org\/tractionavant\/wp-json\/wp\/v2\/pages\/591\/revisions\/2988"}],"wp:attachment":[{"href":"http:\/\/www.tractionavantcie.org\/tractionavant\/wp-json\/wp\/v2\/media?parent=591"}],"curies":[{"name":"wp","href":"https:\/\/api.w.org\/{rel}","templated":true}]}}